{"id":717,"date":"2021-10-16T03:29:05","date_gmt":"2021-10-16T03:29:05","guid":{"rendered":"http:\/\/z.commonsupport.com\/scubo\/?page_id=717"},"modified":"2025-12-05T16:01:54","modified_gmt":"2025-12-05T16:01:54","slug":"aviso-privacidad","status":"publish","type":"page","link":"https:\/\/reefcollective.com.mx\/index.php\/aviso-privacidad\/","title":{"rendered":"Aviso de privacidad"},"content":{"rendered":"\t\t<div data-elementor-type=\"wp-page\" data-elementor-id=\"717\" class=\"elementor elementor-717\" data-elementor-post-type=\"page\">\n\t\t\t\t\t\t<section class=\"elementor-section elementor-top-section elementor-element elementor-element-60b1fac elementor-section-boxed elementor-section-height-default elementor-section-height-default\" data-id=\"60b1fac\" data-element_type=\"section\">\n\t\t\t\t\t\t<div class=\"elementor-container elementor-column-gap-no\">\n\t\t\t\t\t<div class=\"elementor-column elementor-col-100 elementor-top-column elementor-element elementor-element-ffcc76b\" data-id=\"ffcc76b\" data-element_type=\"column\">\n\t\t\t<div class=\"elementor-widget-wrap elementor-element-populated\">\n\t\t\t\t\t\t<div class=\"elementor-element elementor-element-641cbc6 elementor-widget elementor-widget-heading\" data-id=\"641cbc6\" data-element_type=\"widget\" data-widget_type=\"heading.default\">\n\t\t\t\t\t<h1 class=\"elementor-heading-title elementor-size-default\">Aviso de privacidad<\/h1>\t\t\t\t<\/div>\n\t\t\t\t<div class=\"elementor-element elementor-element-ca39fa7 elementor-widget elementor-widget-text-editor\" data-id=\"ca39fa7\" data-element_type=\"widget\" data-widget_type=\"text-editor.default\">\n\t\t\t\t\t\t\t\t\t<p class=\"p1\"><b>REEF COLLECTIVE<\/b> (en adelante, El Centro\u00bb), con domicilio ubicado en <strong>calle 6 norte loc 4 entre 10 avenida norte y 15 avenida norte, en la Ciudad y Municipio de Cozumel, Estado de Quintana Roo, M\u00e9xico<\/strong>, es el responsable del uso y protecci\u00f3n de sus datos personales, y al respecto le informamos lo siguiente:<\/p>\t\t\t\t\t\t\t\t<\/div>\n\t\t\t\t<div class=\"elementor-element elementor-element-945ab75 elementor-widget elementor-widget-text-editor\" data-id=\"945ab75\" data-element_type=\"widget\" data-widget_type=\"text-editor.default\">\n\t\t\t\t\t\t\t\t\t<p><b>1. \u00bfPara qu\u00e9 fines utilizaremos sus datos personales?<\/b><\/p><p>Los datos personales que recabamos de usted los utilizaremos para las siguientes finalidades que son <b>necesarias<\/b> para el servicio que solicita:<\/p><ul><li>Gesti\u00f3n, reserva y programaci\u00f3n de cursos de buceo, inmersiones y experiencias acu\u00e1ticas.<\/li><li>Tr\u00e1mites de certificaci\u00f3n ante agencias internacionales.<\/li><li>Evaluaci\u00f3n de aptitud f\u00edsica y salud para la pr\u00e1ctica segura del buceo (Cuestionario M\u00e9dico).<\/li><li>Gesti\u00f3n de seguros de accidentes o buceo (si aplica).<\/li><li>Facturaci\u00f3n y cobro.<\/li><li>Contacto en caso de emergencia.<\/li><\/ul>\t\t\t\t\t\t\t\t<\/div>\n\t\t\t\t<div class=\"elementor-element elementor-element-23e0c58 elementor-widget elementor-widget-text-editor\" data-id=\"23e0c58\" data-element_type=\"widget\" data-widget_type=\"text-editor.default\">\n\t\t\t\t\t\t\t\t\t<p class=\"p1\">De manera adicional, utilizaremos su informaci\u00f3n personal para las siguientes finalidades que <b>no son necesarias<\/b> para el servicio solicitado, pero que nos permiten y facilitan brindarle una mejor atenci\u00f3n:<\/p><ul><li class=\"p1\">Env\u00edo de promociones, newsletters y noticias sobre conservaci\u00f3n marina y<\/li><li class=\"p1\">actividades del centro.<\/li><li class=\"p1\">Uso de imagen (fotograf\u00eda y video) para difusi\u00f3n en redes sociales y sitio web del Centro, con el fin de promover nuestras actividades y la belleza de los ecosistemas marinos.<\/li><\/ul>\t\t\t\t\t\t\t\t<\/div>\n\t\t\t\t<div class=\"elementor-element elementor-element-fa0fcc1 elementor-widget elementor-widget-text-editor\" data-id=\"fa0fcc1\" data-element_type=\"widget\" data-widget_type=\"text-editor.default\">\n\t\t\t\t\t\t\t\t\t<p class=\"p1\">En caso de que no desee que sus datos personales sean tratados para estos fines adicionales, usted puede presentar desde este momento un escrito v\u00eda correo electr\u00f3nico <strong>asistenciaaclientes@reefcollective.com.mx.<\/strong><\/p>\t\t\t\t\t\t\t\t<\/div>\n\t\t\t\t<div class=\"elementor-element elementor-element-a2f2aea elementor-widget elementor-widget-text-editor\" data-id=\"a2f2aea\" data-element_type=\"widget\" data-widget_type=\"text-editor.default\">\n\t\t\t\t\t\t\t\t\t<p class=\"p1\"><b>2. \u00bfQu\u00e9 datos personales utilizaremos?<\/b><\/p><p class=\"p1\">Para llevar a cabo las finalidades descritas en el presente aviso de privacidad, utilizaremos los siguientes datos personales:<\/p><ul><li class=\"p1\">Datos de identificaci\u00f3n (Nombre, edad, nacionalidad).<\/li><li class=\"p1\">Datos de contacto (Tel\u00e9fono, correo electr\u00f3nico, domicilio).<\/li><li class=\"p1\">Datos sobre caracter\u00edsticas f\u00edsicas (talla para equipo de buceo: neopreno, aletas, chaleco).<\/li><li class=\"p1\">Nivel de certificaci\u00f3n de buceo y n\u00famero de buceador (si ya cuenta con ella).<\/li><\/ul><p class=\"p1\">Datos Sensibles:<\/p><p class=\"p1\">Adem\u00e1s de los datos personales mencionados anteriormente, para las finalidades informadas en el presente aviso de privacidad utilizaremos los siguientes datos personales considerados como sensibles, que requieren de especial protecci\u00f3n:<\/p><ul><li class=\"p1\"><b>Estado de salud presente y pasado:<\/b> Informaci\u00f3n recabada a trav\u00e9s del cuestionario m\u00e9dico est\u00e1ndar de buceo recreativo para garantizar su seguridad bajo el agua.<\/li><\/ul>\t\t\t\t\t\t\t\t<\/div>\n\t\t\t\t<div class=\"elementor-element elementor-element-132df14 elementor-widget elementor-widget-text-editor\" data-id=\"132df14\" data-element_type=\"widget\" data-widget_type=\"text-editor.default\">\n\t\t\t\t\t\t\t\t\t<p class=\"p1\"><b>3. Transferencia de datos<\/b><\/p><p class=\"p1\">Le informamos que sus datos personales pueden ser compartidos dentro y fuera del pa\u00eds con las siguientes personas, empresas, organizaciones y autoridades distintas a nosotros, para los siguientes fines:<\/p><ul><li class=\"p1\"><b>Agencias Certificadoras:<\/b> Para el tr\u00e1mite y emisi\u00f3n de su licencia de buceo.<\/li><li class=\"p1\"><b>Aseguradoras:<\/b> En caso de requerir asistencia m\u00e9dica o activaci\u00f3n de p\u00f3lizas de seguro de buceo.<\/li><li class=\"p1\"><b>Autoridades Portuarias o Mar\u00edtimas:<\/b> En caso de ser requerido por regulaciones locales de turismo o capitan\u00eda de puerto en Cozumel.<\/li><\/ul>\t\t\t\t\t\t\t\t<\/div>\n\t\t\t\t<div class=\"elementor-element elementor-element-19dba3d elementor-widget elementor-widget-text-editor\" data-id=\"19dba3d\" data-element_type=\"widget\" data-widget_type=\"text-editor.default\">\n\t\t\t\t\t\t\t\t\t<p class=\"p1\"><b>4. Derechos ARCO<\/b><\/p><p class=\"p1\">Usted tiene derecho a conocer qu\u00e9 datos personales tenemos de usted, para qu\u00e9 los utilizamos y las condiciones del uso que les damos (Acceso). Asimismo, es su derecho solicitar la correcci\u00f3n de su informaci\u00f3n personal en caso de que est\u00e9 desactualizada, sea inexacta o incompleta (Rectificaci\u00f3n); que la eliminemos de nuestros registros o bases de datos cuando considere que la misma no est\u00e1 siendo utilizada adecuadamente (Cancelaci\u00f3n); as\u00ed como oponerse al uso de sus datos personales para fines espec\u00edficos (Oposici\u00f3n).<\/p><p class=\"p1\">Para el ejercicio de cualquiera de los derechos ARCO, usted deber\u00e1 presentar la solicitud respectiva enviando un correo electr\u00f3nico a: <strong>asistenciaaclientes@reefcollective.com.mx<\/strong>.<\/p>\t\t\t\t\t\t\t\t<\/div>\n\t\t\t\t<div class=\"elementor-element elementor-element-89498bb elementor-widget elementor-widget-text-editor\" data-id=\"89498bb\" data-element_type=\"widget\" data-widget_type=\"text-editor.default\">\n\t\t\t\t\t\t\t\t\t<p class=\"p1\"><b>5. Uso de cookies<\/b><\/p><p class=\"p1\">Le informamos que en nuestra p\u00e1gina de Internet utilizamos <i>cookies<\/i> y otras tecnolog\u00edas para monitorear su comportamiento como usuario de Internet, brindarle un mejor servicio y experiencia al navegar en nuestra p\u00e1gina.<\/p>\t\t\t\t\t\t\t\t<\/div>\n\t\t\t\t<div class=\"elementor-element elementor-element-cbfa343 elementor-widget elementor-widget-text-editor\" data-id=\"cbfa343\" data-element_type=\"widget\" data-widget_type=\"text-editor.default\">\n\t\t\t\t\t\t\t\t\t<p class=\"p1\"><b>6. Cambios en este aviso de privacidad<\/b><\/p><p class=\"p1\">El presente aviso de privacidad puede sufrir modificaciones derivadas de nuevos requerimientos legales o de nuestras propias necesidades. Nos comprometemos a mantenerlo informado sobre los cambios a trav\u00e9s de nuestro sitio web: <strong>https:\/\/reefcollective.com.mx<\/strong><\/p><p class=\"p1\"><b>\u00daltima actualizaci\u00f3n:<\/b> Diciembre 2025<\/p>\t\t\t\t\t\t\t\t<\/div>\n\t\t\t\t\t<\/div>\n\t\t<\/div>\n\t\t\t\t\t<\/div>\n\t\t<\/section>\n\t\t\t\t<\/div>\n\t\t","protected":false},"excerpt":{"rendered":"<p>Aviso de privacidad REEF COLLECTIVE (en adelante, El Centro\u00bb), con domicilio ubicado en calle 6 norte loc 4 entre 10 avenida norte y 15 avenida norte, en la Ciudad y Municipio de Cozumel, Estado de Quintana Roo, M\u00e9xico, es el responsable del uso y protecci\u00f3n de sus datos personales, y al respecto le informamos lo [&hellip;]<\/p>\n","protected":false},"author":1,"featured_media":0,"parent":0,"menu_order":0,"comment_status":"closed","ping_status":"closed","template":"tpl-default-elementor.php","meta":{"_joinchat":[],"footnotes":""},"class_list":["post-717","page","type-page","status-publish","hentry"],"_links":{"self":[{"href":"https:\/\/reefcollective.com.mx\/index.php\/wp-json\/wp\/v2\/pages\/717","targetHints":{"allow":["GET"]}}],"collection":[{"href":"https:\/\/reefcollective.com.mx\/index.php\/wp-json\/wp\/v2\/pages"}],"about":[{"href":"https:\/\/reefcollective.com.mx\/index.php\/wp-json\/wp\/v2\/types\/page"}],"author":[{"embeddable":true,"href":"https:\/\/reefcollective.com.mx\/index.php\/wp-json\/wp\/v2\/users\/1"}],"replies":[{"embeddable":true,"href":"https:\/\/reefcollective.com.mx\/index.php\/wp-json\/wp\/v2\/comments?post=717"}],"version-history":[{"count":48,"href":"https:\/\/reefcollective.com.mx\/index.php\/wp-json\/wp\/v2\/pages\/717\/revisions"}],"predecessor-version":[{"id":2327,"href":"https:\/\/reefcollective.com.mx\/index.php\/wp-json\/wp\/v2\/pages\/717\/revisions\/2327"}],"wp:attachment":[{"href":"https:\/\/reefcollective.com.mx\/index.php\/wp-json\/wp\/v2\/media?parent=717"}],"curies":[{"name":"wp","href":"https:\/\/api.w.org\/{rel}","templated":true}]}}