{"id":281,"date":"2021-04-16T10:09:31","date_gmt":"2021-04-16T10:09:31","guid":{"rendered":"http:\/\/z.commonsupport.com\/scubo\/?page_id=281"},"modified":"2025-12-16T19:32:22","modified_gmt":"2025-12-16T19:32:22","slug":"nosotros","status":"publish","type":"page","link":"https:\/\/reefcollective.com.mx\/index.php\/nosotros\/","title":{"rendered":"Nosotros"},"content":{"rendered":"\t\t<div data-elementor-type=\"wp-page\" data-elementor-id=\"281\" class=\"elementor elementor-281\" data-elementor-post-type=\"page\">\n\t\t\t\t\t\t<section class=\"elementor-section elementor-top-section elementor-element elementor-element-2a1d48d2 elementor-section-boxed elementor-section-height-default elementor-section-height-default\" data-id=\"2a1d48d2\" data-element_type=\"section\">\n\t\t\t\t\t\t<div class=\"elementor-container elementor-column-gap-no\">\n\t\t\t\t\t<div class=\"elementor-column elementor-col-50 elementor-top-column elementor-element elementor-element-54dec203\" data-id=\"54dec203\" data-element_type=\"column\">\n\t\t\t<div class=\"elementor-widget-wrap elementor-element-populated\">\n\t\t\t\t\t\t<div class=\"elementor-element elementor-element-6d8e1d05 elementor-widget elementor-widget-scubo_about_left\" data-id=\"6d8e1d05\" data-element_type=\"widget\" data-widget_type=\"scubo_about_left.default\">\n\t\t\t\t<div class=\"elementor-widget-container\">\n\t\t\t\t\t\n        <section class=\"about-two \">\n            <div class=\"container\">\n                <div class=\"row\">\n                    <div class=\"col-lg-12 d-flex about-two__content-wrapper\">\n                        <div class=\"my-auto\">\n                            <div class=\"about-two__content\">\n                                <div class=\"block-title text-left\">\n                                       \n\t\t\t\t\t\t\t\t\t<img decoding=\"async\" src=\"\" alt=\"\"\/>\n\t\t\t\t\t\t\t\t\t                                    <p class=\"text-uppercase\"><\/p>\n                                    <h3 class=\"text-uppercase\">Donde el buceo nace<\/h3>\n                                <\/div><!-- \/.block-title -->\n                                <p>Reef Collective nace del reencuentro de dos compa\u00f1eros de Open Water y de una pasi\u00f3n compartida por el oc\u00e9ano, que con el tiempo se convirti\u00f3 en un proyecto de vida. Hoy somos un equipo que combina experiencia, aprendizaje continuo y un profundo compromiso con la seguridad, entendida desde lo humano, lo t\u00e9cnico y lo emocional.<\/p>\n                                <ul class=\"list-unstyled about-two__list\">\n\t\t\t\t\t\t\t\t\t                                    <li>\n                                        <span class=\"about-two__list-count\"><\/span>\n                                        Atenci\u00f3n humana y trato cercano desde el primer contacto                                    <\/li>\n\t\t\t\t\t\t\t\t\t                                    <li>\n                                        <span class=\"about-two__list-count\"><\/span>\n                                        Seguridad integral en cada etapa del aprendizaje                                    <\/li>\n\t\t\t\t\t\t\t\t\t                                    <li>\n                                        <span class=\"about-two__list-count\"><\/span>\n                                        Formaci\u00f3n clara, responsable y personalizada                                    <\/li>\n\t\t\t\t\t\t\t\t\t                                    <li>\n                                        <span class=\"about-two__list-count\"><\/span>\n                                        Amor y respeto profundo por el oc\u00e9ano                                    <\/li>\n\t\t\t\t\t\t\t\t\t                                <\/ul><!-- \/.list-unstyled about-two__list -->\n                            <\/div><!-- \/.about-two__content -->\n                        <\/div><!-- \/.my-auto -->\n                    <\/div><!-- \/.col-lg-6 -->\n                <\/div><!-- \/.row -->\n            <\/div><!-- \/.container -->\n        <\/section><!-- \/.about-two -->\n            \n\t\t\t\t\t\t<\/div>\n\t\t\t\t<\/div>\n\t\t\t\t\t<\/div>\n\t\t<\/div>\n\t\t\t\t<div class=\"elementor-column elementor-col-50 elementor-top-column elementor-element elementor-element-6cb9fdb6\" data-id=\"6cb9fdb6\" data-element_type=\"column\">\n\t\t\t<div class=\"elementor-widget-wrap elementor-element-populated\">\n\t\t\t\t\t\t<div class=\"elementor-element elementor-element-4f8eae94 elementor-widget elementor-widget-scubo_about_right\" data-id=\"4f8eae94\" data-element_type=\"widget\" data-widget_type=\"scubo_about_right.default\">\n\t\t\t\t<div class=\"elementor-widget-container\">\n\t\t\t\t\t\n        <section class=\"about-two two\">\n            <div class=\"container\">\n                <div class=\"row\">\n                    <div class=\"col-lg-12\">\n                        <div class=\"about-two__image wow fadeInRight\" data-wow-duration=\"1500ms\">\n                               \n\t\t\t\t\t\t\t<img decoding=\"async\" src=\"https:\/\/reefcollective.com.mx\/wp-content\/uploads\/2025\/12\/nosotros-1.png\" alt=\"\"\/>\n\t\t\t\t\t\t\t                        <\/div><!-- \/.about-two__image -->\n                    <\/div><!-- \/.col-lg-6 -->\n                <\/div><!-- \/.row -->\n            <\/div><!-- \/.container -->\n        <\/section><!-- \/.about-two -->\n            \n\t\t\t\t\t\t<\/div>\n\t\t\t\t<\/div>\n\t\t\t\t\t<\/div>\n\t\t<\/div>\n\t\t\t\t\t<\/div>\n\t\t<\/section>\n\t\t\t\t<section class=\"elementor-section elementor-top-section elementor-element elementor-element-2e5e9bcc elementor-section-full_width elementor-section-height-default elementor-section-height-default\" data-id=\"2e5e9bcc\" data-element_type=\"section\">\n\t\t\t\t\t\t<div class=\"elementor-container elementor-column-gap-no\">\n\t\t\t\t\t<div class=\"elementor-column elementor-col-100 elementor-top-column elementor-element elementor-element-3531e5b4\" data-id=\"3531e5b4\" data-element_type=\"column\">\n\t\t\t<div class=\"elementor-widget-wrap elementor-element-populated\">\n\t\t\t\t\t\t<div class=\"elementor-element elementor-element-9a7622 elementor-widget elementor-widget-scubo_h2_video\" data-id=\"9a7622\" data-element_type=\"widget\" data-widget_type=\"scubo_h2_video.default\">\n\t\t\t\t<div class=\"elementor-widget-container\">\n\t\t\t\t\t\n        <section class=\"video-one video-one__home-two about\">\n\t\t\t            <div class=\"video-one__bg\" style=\"background-image: url(https:\/\/reefcollective.com.mx\/wp-content\/uploads\/2021\/04\/video-2-bg.png);\">\n\t\t\t\t\t\t<\/div>\n            <!-- \/.video-one__bg -->\n            <div class=\"container text-center\">\n                <a href=\"\" class=\"video-popup\"><i class=\"fa fa-play\"><\/i><\/a>\n                <!-- \/.video-popup -->\n                <h3>Todo gran proyecto empieza<br>con una primera inmersi\u00f3n.<\/h3>\n            <\/div><!-- \/.container -->\n        <\/section><!-- \/.video-one -->\n            \n\t\t\t\t\t\t<\/div>\n\t\t\t\t<\/div>\n\t\t\t\t\t<\/div>\n\t\t<\/div>\n\t\t\t\t\t<\/div>\n\t\t<\/section>\n\t\t\t\t<section class=\"elementor-section elementor-top-section elementor-element elementor-element-f74ebac elementor-section-full_width elementor-section-height-default elementor-section-height-default\" data-id=\"f74ebac\" data-element_type=\"section\">\n\t\t\t\t\t\t<div class=\"elementor-container elementor-column-gap-no\">\n\t\t\t\t\t<div class=\"elementor-column elementor-col-100 elementor-top-column elementor-element elementor-element-6dceb81 elementor-hidden-desktop elementor-hidden-tablet elementor-hidden-mobile\" data-id=\"6dceb81\" data-element_type=\"column\">\n\t\t\t<div class=\"elementor-widget-wrap\">\n\t\t\t\t\t\t\t<\/div>\n\t\t<\/div>\n\t\t\t\t\t<\/div>\n\t\t<\/section>\n\t\t\t\t<section class=\"elementor-section elementor-top-section elementor-element elementor-element-34c96997 elementor-section-full_width elementor-section-height-default elementor-section-height-default\" data-id=\"34c96997\" data-element_type=\"section\">\n\t\t\t\t\t\t<div class=\"elementor-container elementor-column-gap-no\">\n\t\t\t\t\t<div class=\"elementor-column elementor-col-100 elementor-top-column elementor-element elementor-element-13871263\" data-id=\"13871263\" data-element_type=\"column\">\n\t\t\t<div class=\"elementor-widget-wrap elementor-element-populated\">\n\t\t\t\t\t\t<div class=\"elementor-element elementor-element-1d2d9b64 info-reef elementor-widget elementor-widget-scubo_feature\" data-id=\"1d2d9b64\" data-element_type=\"widget\" data-widget_type=\"scubo_feature.default\">\n\t\t\t\t<div class=\"elementor-widget-container\">\n\t\t\t\t\t\n        <section class=\"feature-two info-reef\">\n            <div class=\"container\">\n                <div class=\"row\">\n\t\t\t\t\t                    <div class=\"col-lg-4 wow fadeInUp\" data-wow-duration=\"1500ms\" data-wow-delay=\"000ms\">\n                        <div class=\"feature-two__single\">\n                            <div class=\"feature-two__image\">\n                                <img decoding=\"async\" src=\"https:\/\/reefcollective.com.mx\/wp-content\/uploads\/2025\/12\/vision.png\" alt=\"\">\n                            <\/div><!-- \/.feature-two__image -->\n                            <div class=\"feature-two__content\">\n                                <h3><a href=\"\">Misi\u00f3n<\/a><\/h3>\n                                <p>Formar buzos conscientes, seguros y apasionados por el oc\u00e9ano, ofreciendo experiencias y cursos de buceo de alta calidad, basados en est\u00e1ndares internacionales, atenci\u00f3n humana y un acompa\u00f1amiento cercano que inspire confianza dentro y fuera del agua.<\/p>\n                            <\/div><!-- \/.feature-two__content -->\n                        <\/div><!-- \/.feature-two__single -->\n                    <\/div><!-- \/.col-lg-4 -->\n\t\t\t\t\t                    <div class=\"col-lg-4 wow fadeInUp\" data-wow-duration=\"1500ms\" data-wow-delay=\"000ms\">\n                        <div class=\"feature-two__single\">\n                            <div class=\"feature-two__image\">\n                                <img decoding=\"async\" src=\"https:\/\/reefcollective.com.mx\/wp-content\/uploads\/2025\/12\/mision.png\" alt=\"\">\n                            <\/div><!-- \/.feature-two__image -->\n                            <div class=\"feature-two__content\">\n                                <h3><a href=\"\">Visi\u00f3n<\/a><\/h3>\n                                <p>Ser una escuela de buceo referente en Cozumel por su calidad humana, profesionalismo y compromiso con la seguridad, la educaci\u00f3n continua y el respeto por el oc\u00e9ano, creando una comunidad de buzos que vivan el mar de manera aut\u00e9ntica y responsable.<\/p>\n                            <\/div><!-- \/.feature-two__content -->\n                        <\/div><!-- \/.feature-two__single -->\n                    <\/div><!-- \/.col-lg-4 -->\n\t\t\t\t\t                    <div class=\"col-lg-4 wow fadeInUp\" data-wow-duration=\"1500ms\" data-wow-delay=\"000ms\">\n                        <div class=\"feature-two__single\">\n                            <div class=\"feature-two__image\">\n                                <img decoding=\"async\" src=\"https:\/\/reefcollective.com.mx\/wp-content\/uploads\/2025\/12\/valores.png\" alt=\"\">\n                            <\/div><!-- \/.feature-two__image -->\n                            <div class=\"feature-two__content\">\n                                <h3><a href=\"\">Valores<\/a><\/h3>\n                                <p>- Respeto<br>\n\n- Seguridad<br>\n\n- Cercan\u00eda<br>\n\n- Aprendizaje continuo<br>\n\n- Pasi\u00f3n por el oc\u00e9ano<br>\n\n- Autenticidad<br><\/p>\n                            <\/div><!-- \/.feature-two__content -->\n                        <\/div><!-- \/.feature-two__single -->\n                    <\/div><!-- \/.col-lg-4 -->\n\t\t\t\t\t                <\/div><!-- \/.row -->\n            <\/div><!-- \/.container -->\n        <\/section><!-- \/.feature-two -->\n            \n\t\t\t\t\t\t<\/div>\n\t\t\t\t<\/div>\n\t\t\t\t\t<\/div>\n\t\t<\/div>\n\t\t\t\t\t<\/div>\n\t\t<\/section>\n\t\t<div class=\"elementor-element elementor-element-28d0797 e-flex e-con-boxed e-con e-parent\" data-id=\"28d0797\" data-element_type=\"container\">\n\t\t\t\t\t<div class=\"e-con-inner\">\n\t\t\t\t\t<\/div>\n\t\t\t\t<\/div>\n\t\t\t\t<\/div>\n\t\t","protected":false},"excerpt":{"rendered":"<p>Donde el buceo nace Reef Collective nace del reencuentro de dos compa\u00f1eros de Open Water y de una pasi\u00f3n compartida por el oc\u00e9ano, que con el tiempo se convirti\u00f3 en un proyecto de vida. Hoy somos un equipo que combina experiencia, aprendizaje continuo y un profundo compromiso con la seguridad, entendida desde lo humano, lo [&hellip;]<\/p>\n","protected":false},"author":1,"featured_media":0,"parent":0,"menu_order":0,"comment_status":"closed","ping_status":"closed","template":"tpl-default-elementor.php","meta":{"_joinchat":[],"footnotes":""},"class_list":["post-281","page","type-page","status-publish","hentry"],"_links":{"self":[{"href":"https:\/\/reefcollective.com.mx\/index.php\/wp-json\/wp\/v2\/pages\/281","targetHints":{"allow":["GET"]}}],"collection":[{"href":"https:\/\/reefcollective.com.mx\/index.php\/wp-json\/wp\/v2\/pages"}],"about":[{"href":"https:\/\/reefcollective.com.mx\/index.php\/wp-json\/wp\/v2\/types\/page"}],"author":[{"embeddable":true,"href":"https:\/\/reefcollective.com.mx\/index.php\/wp-json\/wp\/v2\/users\/1"}],"replies":[{"embeddable":true,"href":"https:\/\/reefcollective.com.mx\/index.php\/wp-json\/wp\/v2\/comments?post=281"}],"version-history":[{"count":59,"href":"https:\/\/reefcollective.com.mx\/index.php\/wp-json\/wp\/v2\/pages\/281\/revisions"}],"predecessor-version":[{"id":2411,"href":"https:\/\/reefcollective.com.mx\/index.php\/wp-json\/wp\/v2\/pages\/281\/revisions\/2411"}],"wp:attachment":[{"href":"https:\/\/reefcollective.com.mx\/index.php\/wp-json\/wp\/v2\/media?parent=281"}],"curies":[{"name":"wp","href":"https:\/\/api.w.org\/{rel}","templated":true}]}}