{"id":1907,"date":"2025-11-15T15:50:20","date_gmt":"2025-11-15T15:50:20","guid":{"rendered":"https:\/\/reefcollective.com.mx\/?page_id=1907"},"modified":"2025-11-21T20:14:08","modified_gmt":"2025-11-21T20:14:08","slug":"expedicion-cenotes","status":"publish","type":"page","link":"https:\/\/reefcollective.com.mx\/index.php\/expedicion-cenotes\/","title":{"rendered":"Expedici\u00f3n a cenotes"},"content":{"rendered":"\t\t<div data-elementor-type=\"wp-page\" data-elementor-id=\"1907\" class=\"elementor elementor-1907\" data-elementor-post-type=\"page\">\n\t\t\t\t\t\t<section class=\"elementor-section elementor-top-section elementor-element elementor-element-487404e elementor-section-full_width elementor-section-height-default elementor-section-height-default\" data-id=\"487404e\" data-element_type=\"section\">\n\t\t\t\t\t\t<div class=\"elementor-container elementor-column-gap-no\">\n\t\t\t\t\t<div class=\"elementor-column elementor-col-100 elementor-top-column elementor-element elementor-element-2a9f6cf4\" data-id=\"2a9f6cf4\" data-element_type=\"column\">\n\t\t\t<div class=\"elementor-widget-wrap\">\n\t\t\t\t\t\t\t<\/div>\n\t\t<\/div>\n\t\t\t\t\t<\/div>\n\t\t<\/section>\n\t\t\t\t<section class=\"elementor-section elementor-top-section elementor-element elementor-element-6498e8d9 elementor-section-full_width elementor-section-height-default elementor-section-height-default\" data-id=\"6498e8d9\" data-element_type=\"section\">\n\t\t\t\t\t\t<div class=\"elementor-container elementor-column-gap-no\">\n\t\t\t\t\t<div class=\"elementor-column elementor-col-100 elementor-top-column elementor-element elementor-element-7f14990\" data-id=\"7f14990\" data-element_type=\"column\">\n\t\t\t<div class=\"elementor-widget-wrap\">\n\t\t\t\t\t\t\t<\/div>\n\t\t<\/div>\n\t\t\t\t\t<\/div>\n\t\t<\/section>\n\t\t\t\t<section class=\"elementor-section elementor-top-section elementor-element elementor-element-723d08f elementor-section-full_width elementor-section-height-default elementor-section-height-default\" data-id=\"723d08f\" data-element_type=\"section\">\n\t\t\t\t\t\t<div class=\"elementor-container elementor-column-gap-no\">\n\t\t\t\t\t<div class=\"elementor-column elementor-col-100 elementor-top-column elementor-element elementor-element-5b2b04be\" data-id=\"5b2b04be\" data-element_type=\"column\">\n\t\t\t<div class=\"elementor-widget-wrap elementor-element-populated\">\n\t\t\t\t\t\t<div class=\"elementor-element elementor-element-72240bce elementor-widget elementor-widget-scubo_course_details1\" data-id=\"72240bce\" data-element_type=\"widget\" data-widget_type=\"scubo_course_details1.default\">\n\t\t\t\t<div class=\"elementor-widget-container\">\n\t\t\t\t\t\n        <section class=\"course-details \">\n            <div class=\"container\">\n                <div class=\"course-details__image\">\n                       \n\t\t\t\t\t<img decoding=\"async\" src=\"https:\/\/reefcollective.com.mx\/wp-content\/uploads\/2025\/11\/Diseno-sin-titulo6.png\" alt=\"\"\/>\n\t\t\t\t\t                    <div class=\"course-details__infos wow fadeInRight\" data-wow-duration=\"1500ms\">\n                        <div class=\"course-details__infos-title\">Detalles<\/div>\n\t\t\t\t\t\t                        <div class=\"course-details__infos-single\">\n                            <span>4<\/span>\n                            <p>day <br> course<\/p>\n                        <\/div>\n\t\t\t\t\t\t                        <div class=\"course-details__infos-single\">\n                            <span><\/span>\n                            <p><\/p>\n                        <\/div>\n\t\t\t\t\t\t                        <div class=\"course-details__infos-single\">\n                            <span><\/span>\n                            <p><\/p>\n                        <\/div>\n\t\t\t\t\t\t                    <\/div><!-- \/.course-details__infos -->\n                <\/div><!-- \/.course-details__image -->\n            <\/div><!-- \/.container -->\n        <\/section><!-- \/.course-details -->\n            \n\t\t\t\t\t\t<\/div>\n\t\t\t\t<\/div>\n\t\t\t\t\t<\/div>\n\t\t<\/div>\n\t\t\t\t\t<\/div>\n\t\t<\/section>\n\t\t\t\t<section class=\"elementor-section elementor-top-section elementor-element elementor-element-252170de elementor-section-full_width elementor-section-height-default elementor-section-height-default\" data-id=\"252170de\" data-element_type=\"section\">\n\t\t\t\t\t\t<div class=\"elementor-container elementor-column-gap-no\">\n\t\t\t\t\t<div class=\"elementor-column elementor-col-100 elementor-top-column elementor-element elementor-element-38806f40\" data-id=\"38806f40\" data-element_type=\"column\">\n\t\t\t<div class=\"elementor-widget-wrap elementor-element-populated\">\n\t\t\t\t\t\t<div class=\"elementor-element elementor-element-23f9d644 elementor-widget elementor-widget-scubo_course_details2\" data-id=\"23f9d644\" data-element_type=\"widget\" data-widget_type=\"scubo_course_details2.default\">\n\t\t\t\t<div class=\"elementor-widget-container\">\n\t\t\t\t\t\n        <section class=\"course-details two\">\n            <div class=\"container\">\n                <div class=\"course-details__content\">\n                    <h3>Expedici\u00f3n a cenotes<\/h3>\n                    <p>Prep\u00e1rate para una experiencia de buceo surrealista. Esto no es el oc\u00e9ano, es otro planeta.<br><br>\nAd\u00e9ntrate en el coraz\u00f3n de la jungla y descubre los r\u00edos subterr\u00e1neos sagrados de los mayas. Los cenotes ofrecen una visibilidad cristalina que te har\u00e1 sentir que est\u00e1s volando a trav\u00e9s de formaciones geol\u00f3gicas de miles de a\u00f1os.\n<br><br>\nEsta no es una inmersi\u00f3n de peces y corales; es una inmersi\u00f3n de luz, sombras y geolog\u00eda. Seguir\u00e1s una l\u00ednea gu\u00eda a trav\u00e9s de cavernas, donde ver\u00e1s c\u00f3mo los rayos del sol penetran la oscuridad como l\u00e1sers, y te asombrar\u00e1s con las gigantescas estalactitas y estalagmitas. En cenotes m\u00e1s profundos, experimentar\u00e1s la \"haloclina\": el m\u00edstico efecto visual donde el agua dulce y el agua salada se encuentran.<\/p>\n                    <h4>Requisitos para esta expedici\u00f3n<\/h4>\n                    <p>\u25cf Nivel Requerido:  Open Water (OW) o superior.<br>\n\u25cf (Buzos Open Water con excelente control de flotabilidad y +25 buceos pueden ser evaluados por nuestro instructor).<br>\n\u25cf\tHabilidad Cr\u00edtica: Dominio de la flotabilidad neutra.<\/p>\n                    <p>\n<\/p>\n\t\t\t\t\t\t\n                <\/div><!-- \/.course-details__content -->\n            <\/div><!-- \/.container -->\n        <\/section><!-- \/.course-details -->\n            \n\t\t\t\t\t\t<\/div>\n\t\t\t\t<\/div>\n\t\t\t\t\t<\/div>\n\t\t<\/div>\n\t\t\t\t\t<\/div>\n\t\t<\/section>\n\t\t\t\t<section class=\"elementor-section elementor-top-section elementor-element elementor-element-6a8a0a7c elementor-section-content-space-between elementor-section-boxed elementor-section-height-default elementor-section-height-default\" data-id=\"6a8a0a7c\" data-element_type=\"section\">\n\t\t\t\t\t\t<div class=\"elementor-container elementor-column-gap-no\">\n\t\t\t\t\t<div class=\"elementor-column elementor-col-50 elementor-top-column elementor-element elementor-element-3747a818\" data-id=\"3747a818\" data-element_type=\"column\">\n\t\t\t<div class=\"elementor-widget-wrap elementor-element-populated\">\n\t\t\t\t\t\t<div class=\"elementor-element elementor-element-3e6452e8 elementor-widget elementor-widget-scubo_about_left\" data-id=\"3e6452e8\" data-element_type=\"widget\" data-widget_type=\"scubo_about_left.default\">\n\t\t\t\t<div class=\"elementor-widget-container\">\n\t\t\t\t\t\n        <section class=\"about-two one\">\n            <div class=\"container\">\n                <div class=\"row\">\n                    <div class=\"col-lg-12 d-flex about-two__content-wrapper\">\n                        <div class=\"my-auto\">\n                            <div class=\"about-two__content\">\n                                <div class=\"block-title text-left\">\n                                    \t\t\t\t\t\t\t\t\t<div class=\"noimage\"><\/div>\n\t\t\t\t\t\t\t\t\t                                    <p class=\"text-uppercase\"><\/p>\n                                    <h3 class=\"text-uppercase\">Tu experiencia incluye todo<\/h3>\n                                <\/div><!-- \/.block-title -->\n                                <p><\/p>\n                                <ul class=\"list-unstyled about-two__list\">\n\t\t\t\t\t\t\t\t\t                                    <li>\n                                        <span class=\"about-two__list-count\"><\/span>\n                                        Transporte terrestre redondo en van con A\/C.                                    <\/li>\n\t\t\t\t\t\t\t\t\t                                    <li>\n                                        <span class=\"about-two__list-count\"><\/span>\n                                        Gu\u00eda especializado (Full Cave Diver) dedicado a tu grupo.                                    <\/li>\n\t\t\t\t\t\t\t\t\t                                    <li>\n                                        <span class=\"about-two__list-count\"><\/span>\n                                        Entradas a los parques de cenotes.                                    <\/li>\n\t\t\t\t\t\t\t\t\t                                    <li>\n                                        <span class=\"about-two__list-count\"><\/span>\n                                        2 inmersiones en dos sistemas de cenotes diferentes (ej. Dos Ojos, El Pit, etc.).                                    <\/li>\n\t\t\t\t\t\t\t\t\t                                    <li>\n                                        <span class=\"about-two__list-count\"><\/span>\n                                        Tanques y lastres.                                    <\/li>\n\t\t\t\t\t\t\t\t\t                                    <li>\n                                        <span class=\"about-two__list-count\"><\/span>\n                                        Equipo completo de buceo                                    <\/li>\n\t\t\t\t\t\t\t\t\t                                    <li>\n                                        <span class=\"about-two__list-count\"><\/span>\n                                        Almuerzo local aut\u00e9ntico.                                    <\/li>\n\t\t\t\t\t\t\t\t\t                                    <li>\n                                        <span class=\"about-two__list-count\"><\/span>\n                                        Agua purificada, snacks y toallas                                     <\/li>\n\t\t\t\t\t\t\t\t\t                                <\/ul><!-- \/.list-unstyled about-two__list -->\n                            <\/div><!-- \/.about-two__content -->\n                        <\/div><!-- \/.my-auto -->\n                    <\/div><!-- \/.col-lg-6 -->\n                <\/div><!-- \/.row -->\n            <\/div><!-- \/.container -->\n        <\/section><!-- \/.about-two -->\n            \n\t\t\t\t\t\t<\/div>\n\t\t\t\t<\/div>\n\t\t\t\t\t<\/div>\n\t\t<\/div>\n\t\t\t\t<div class=\"elementor-column elementor-col-50 elementor-top-column elementor-element elementor-element-63a14e04\" data-id=\"63a14e04\" data-element_type=\"column\">\n\t\t\t<div class=\"elementor-widget-wrap elementor-element-populated\">\n\t\t\t\t\t\t<div class=\"elementor-element elementor-element-4ad0df6c elementor-widget elementor-widget-scubo_about_right\" data-id=\"4ad0df6c\" data-element_type=\"widget\" data-widget_type=\"scubo_about_right.default\">\n\t\t\t\t<div class=\"elementor-widget-container\">\n\t\t\t\t\t\n        <section class=\"about-two two\">\n            <div class=\"container\">\n                <div class=\"row\">\n                    <div class=\"col-lg-12\">\n                        <div class=\"about-two__image wow fadeInRight\" data-wow-duration=\"1500ms\">\n                               \n\t\t\t\t\t\t\t<img decoding=\"async\" src=\"https:\/\/reefcollective.com.mx\/wp-content\/uploads\/2025\/10\/Diseno-sin-titulo5.png\" alt=\"\"\/>\n\t\t\t\t\t\t\t                        <\/div><!-- \/.about-two__image -->\n                    <\/div><!-- \/.col-lg-6 -->\n                <\/div><!-- \/.row -->\n            <\/div><!-- \/.container -->\n        <\/section><!-- \/.about-two -->\n            \n\t\t\t\t\t\t<\/div>\n\t\t\t\t<\/div>\n\t\t\t\t\t<\/div>\n\t\t<\/div>\n\t\t\t\t\t<\/div>\n\t\t<\/section>\n\t\t<div class=\"elementor-element elementor-element-d31d0bf e-flex e-con-boxed e-con e-parent\" data-id=\"d31d0bf\" data-element_type=\"container\">\n\t\t\t\t\t<div class=\"e-con-inner\">\n\t\t\t\t\t<\/div>\n\t\t\t\t<\/div>\n\t\t\t\t<section class=\"elementor-section elementor-top-section elementor-element elementor-element-55a3fdc5 elementor-section-boxed elementor-section-height-default elementor-section-height-default\" data-id=\"55a3fdc5\" data-element_type=\"section\">\n\t\t\t\t\t\t<div class=\"elementor-container elementor-column-gap-no\">\n\t\t\t\t\t<div class=\"elementor-column elementor-col-100 elementor-top-column elementor-element elementor-element-59aa41bc\" data-id=\"59aa41bc\" data-element_type=\"column\">\n\t\t\t<div class=\"elementor-widget-wrap elementor-element-populated\">\n\t\t\t\t\t\t<div class=\"elementor-element elementor-element-3c3ee2c elementor-widget elementor-widget-heading\" data-id=\"3c3ee2c\" data-element_type=\"widget\" data-widget_type=\"heading.default\">\n\t\t\t\t\t<h3 class=\"elementor-heading-title elementor-size-default\">Habilidades que obtendr\u00e1s<\/h3>\t\t\t\t<\/div>\n\t\t\t\t<div class=\"elementor-element elementor-element-bf23499 elementor-widget elementor-widget-text-editor\" data-id=\"bf23499\" data-element_type=\"widget\" data-widget_type=\"text-editor.default\">\n\t\t\t\t\t\t\t\t\t<p>Mientras te diviertes, tambi\u00e9n estar\u00e1s ganando nuevas habilidades casi sin darte cuenta.<\/p>\t\t\t\t\t\t\t\t<\/div>\n\t\t\t\t<div class=\"elementor-element elementor-element-6a1fed63 elementor-widget elementor-widget-scubo_pricing_range\" data-id=\"6a1fed63\" data-element_type=\"widget\" data-widget_type=\"scubo_pricing_range.default\">\n\t\t\t\t<div class=\"elementor-widget-container\">\n\t\t\t\t\t\n\t\t\t\n\t\t<div class=\"pricing-one\">\n\t\t\t\t\n\t\t\t\t\t\t<img decoding=\"async\" src=\"https:\/\/reefcollective.com.mx\/wp-content\/uploads\/2025\/10\/buceo.png\" class=\"contact-one__swimmer\" alt=\"\">\n\t\t\t\n\t\t\t<div class=\"container\">\n\t\t\t\t<div class=\"table-responsive\">\n\t\t\t\t\t<table>\n\t\t\t\t\t\t<thead>\n\t\t\t\t\t\t\t<tr>\n\t\t\t\t\t\t\t\t\t\t\t\t\t\t\t\t<th>Habilidades t\u00e9cnicas<\/th>\n\t\t\t\t\t\t\t\t\t\t\t\t\t\t\t\t<th>Habilidades personales<\/th>\n\t\t\t\t\t\t\t\t\t\t\t\t\t\t\t<\/tr>\n\t\t\t\t\t\t<\/thead>\n\t\t\t\t\t\t<tbody>\n\t\t\t\t\t\t\t\t\t\t\t\t\t\t<tr>\n\t\t\t\t\t\t\t\t\t\t\t\t\t\t\t\t\t\t\t\t\t\t\t\t<td>Flotabilidad Perfecta (Nivel Experto): Controlar tu posici\u00f3n con la respiraci\u00f3n, sin mover las manos, para no tocar el fondo ni el techo.<\/td>\t\t\t\t\t\t\t\t\t\t\t\t\t\t\t\t\t\t\t\t\t\t\t\t\t\t\t\t\t\t\t\t<td>Calma Absoluta y Autocontrol: La habilidad de mantener la calma en un entorno \"cerrado\" (overhead).<\/td>\t\t\t\t\t\t\t\t\t\t\t\t\t\t\t\t\t\t\t\t\t\t\t\t\t\t\t\t\t\t\t<\/tr>\n\t\t\t\t\t\t\t\t\t\t\t\t\t\t<tr>\n\t\t\t\t\t\t\t\t\t\t\t\t\t\t\t\t\t\t\t\t\t\t\t\t<td>T\u00e9cnica de Nado \"Frog Kick\" (Patada de Rana): El m\u00e9todo de nado preferido en cavernas para no levantar sedimento.<\/td>\t\t\t\t\t\t\t\t\t\t\t\t\t\t\t\t\t\t\t\t\t\t\t\t\t\t\t\t\t\t\t\t<td>Conciencia Situacional Extrema: Estar 100% atento a la l\u00ednea gu\u00eda, tu compa\u00f1ero, tu profundidad y las formaciones.<\/td>\t\t\t\t\t\t\t\t\t\t\t\t\t\t\t\t\t\t\t\t\t\t\t\t\t\t\t\t\t\t\t<\/tr>\n\t\t\t\t\t\t\t\t\t\t\t\t\t\t<tr>\n\t\t\t\t\t\t\t\t\t\t\t\t\t\t\t\t\t\t\t\t\t\t\t\t<td>Seguimiento de L\u00ednea Gu\u00eda: La habilidad fundamental de mantener siempre la l\u00ednea gu\u00eda como referencia de salida.<\/td>\t\t\t\t\t\t\t\t\t\t\t\t\t\t\t\t\t\t\t\t\t\t\t\t\t\t\t\t\t\t\t\t<td>Sentido de Asombro y Misticismo: La sensaci\u00f3n \"de otro mundo\" que describen todos los buzos al ver los rayos de luz.<\/td>\t\t\t\t\t\t\t\t\t\t\t\t\t\t\t\t\t\t\t\t\t\t\t\t\t\t\t\t\t\t\t<\/tr>\n\t\t\t\t\t\t\t\t\t\t\t\t\t\t<tr>\n\t\t\t\t\t\t\t\t\t\t\t\t\t\t\t\t\t\t\t\t\t\t\t\t<td>Comunicaci\u00f3n con Linterna: Usar tu luz para se\u00f1alar puntos de inter\u00e9s, preguntar por aire o indicar \"OK\" (similar al buceo nocturno).<\/td>\t\t\t\t\t\t\t\t\t\t\t\t\t\t\t\t\t\t\t\t\t\t\t\t\t\t\t\t\t\t\t\t<td>Respeto por el Entorno Fr\u00e1gil: Moverte con precisi\u00f3n para no tocar las estalactitas, que tardan miles de a\u00f1os en crecer.<\/td>\t\t\t\t\t\t\t\t\t\t\t\t\t\t\t\t\t\t\t\t\t\t\t\t\t\t\t\t\t\t\t<\/tr>\n\t\t\t\t\t\t\t\t\t\t\t\t\t<\/tbody>\n\t\t\t\t\t<\/table>\n\t\t\t\t<\/div><!-- \/.table-responsive -->\n\t\t\t<\/div><!-- \/.container -->\n\t\t<\/section><!-- \/.pricing-one -->\n            \n\t\t\t\t\t\t<\/div>\n\t\t\t\t<\/div>\n\t\t\t\t\t<\/div>\n\t\t<\/div>\n\t\t\t\t\t<\/div>\n\t\t<\/section>\n\t\t\t\t<\/div>\n\t\t","protected":false},"excerpt":{"rendered":"<p>Detalles 4 day course Expedici\u00f3n a cenotes Prep\u00e1rate para una experiencia de buceo surrealista. Esto no es el oc\u00e9ano, es otro planeta. Ad\u00e9ntrate en el coraz\u00f3n de la jungla y descubre los r\u00edos subterr\u00e1neos sagrados de los mayas. Los cenotes ofrecen una visibilidad cristalina que te har\u00e1 sentir que est\u00e1s volando a trav\u00e9s de formaciones [&hellip;]<\/p>\n","protected":false},"author":1,"featured_media":0,"parent":0,"menu_order":0,"comment_status":"closed","ping_status":"closed","template":"elementor_header_footer","meta":{"_joinchat":[],"footnotes":""},"class_list":["post-1907","page","type-page","status-publish","hentry"],"_links":{"self":[{"href":"https:\/\/reefcollective.com.mx\/index.php\/wp-json\/wp\/v2\/pages\/1907","targetHints":{"allow":["GET"]}}],"collection":[{"href":"https:\/\/reefcollective.com.mx\/index.php\/wp-json\/wp\/v2\/pages"}],"about":[{"href":"https:\/\/reefcollective.com.mx\/index.php\/wp-json\/wp\/v2\/types\/page"}],"author":[{"embeddable":true,"href":"https:\/\/reefcollective.com.mx\/index.php\/wp-json\/wp\/v2\/users\/1"}],"replies":[{"embeddable":true,"href":"https:\/\/reefcollective.com.mx\/index.php\/wp-json\/wp\/v2\/comments?post=1907"}],"version-history":[{"count":10,"href":"https:\/\/reefcollective.com.mx\/index.php\/wp-json\/wp\/v2\/pages\/1907\/revisions"}],"predecessor-version":[{"id":2019,"href":"https:\/\/reefcollective.com.mx\/index.php\/wp-json\/wp\/v2\/pages\/1907\/revisions\/2019"}],"wp:attachment":[{"href":"https:\/\/reefcollective.com.mx\/index.php\/wp-json\/wp\/v2\/media?parent=1907"}],"curies":[{"name":"wp","href":"https:\/\/api.w.org\/{rel}","templated":true}]}}