{"id":1899,"date":"2025-11-15T15:24:32","date_gmt":"2025-11-15T15:24:32","guid":{"rendered":"https:\/\/reefcollective.com.mx\/?page_id=1899"},"modified":"2025-11-21T20:10:00","modified_gmt":"2025-11-21T20:10:00","slug":"expedicion-nocturna","status":"publish","type":"page","link":"https:\/\/reefcollective.com.mx\/index.php\/expedicion-nocturna\/","title":{"rendered":"Expedici\u00f3n nocturna"},"content":{"rendered":"\t\t<div data-elementor-type=\"wp-page\" data-elementor-id=\"1899\" class=\"elementor elementor-1899\" data-elementor-post-type=\"page\">\n\t\t\t\t\t\t<section class=\"elementor-section elementor-top-section elementor-element elementor-element-487404e elementor-section-full_width elementor-section-height-default elementor-section-height-default\" data-id=\"487404e\" data-element_type=\"section\">\n\t\t\t\t\t\t<div class=\"elementor-container elementor-column-gap-no\">\n\t\t\t\t\t<div class=\"elementor-column elementor-col-100 elementor-top-column elementor-element elementor-element-2a9f6cf4\" data-id=\"2a9f6cf4\" data-element_type=\"column\">\n\t\t\t<div class=\"elementor-widget-wrap\">\n\t\t\t\t\t\t\t<\/div>\n\t\t<\/div>\n\t\t\t\t\t<\/div>\n\t\t<\/section>\n\t\t\t\t<section class=\"elementor-section elementor-top-section elementor-element elementor-element-6498e8d9 elementor-section-full_width elementor-section-height-default elementor-section-height-default\" data-id=\"6498e8d9\" data-element_type=\"section\">\n\t\t\t\t\t\t<div class=\"elementor-container elementor-column-gap-no\">\n\t\t\t\t\t<div class=\"elementor-column elementor-col-100 elementor-top-column elementor-element elementor-element-7f14990\" data-id=\"7f14990\" data-element_type=\"column\">\n\t\t\t<div class=\"elementor-widget-wrap\">\n\t\t\t\t\t\t\t<\/div>\n\t\t<\/div>\n\t\t\t\t\t<\/div>\n\t\t<\/section>\n\t\t\t\t<section class=\"elementor-section elementor-top-section elementor-element elementor-element-723d08f elementor-section-full_width elementor-section-height-default elementor-section-height-default\" data-id=\"723d08f\" data-element_type=\"section\">\n\t\t\t\t\t\t<div class=\"elementor-container elementor-column-gap-no\">\n\t\t\t\t\t<div class=\"elementor-column elementor-col-100 elementor-top-column elementor-element elementor-element-5b2b04be\" data-id=\"5b2b04be\" data-element_type=\"column\">\n\t\t\t<div class=\"elementor-widget-wrap elementor-element-populated\">\n\t\t\t\t\t\t<div class=\"elementor-element elementor-element-72240bce elementor-widget elementor-widget-scubo_course_details1\" data-id=\"72240bce\" data-element_type=\"widget\" data-widget_type=\"scubo_course_details1.default\">\n\t\t\t\t<div class=\"elementor-widget-container\">\n\t\t\t\t\t\n        <section class=\"course-details \">\n            <div class=\"container\">\n                <div class=\"course-details__image\">\n                       \n\t\t\t\t\t<img decoding=\"async\" src=\"https:\/\/reefcollective.com.mx\/wp-content\/uploads\/2025\/11\/Diseno-sin-titulo.png\" alt=\"\"\/>\n\t\t\t\t\t                    <div class=\"course-details__infos wow fadeInRight\" data-wow-duration=\"1500ms\">\n                        <div class=\"course-details__infos-title\">Detalles<\/div>\n\t\t\t\t\t\t                        <div class=\"course-details__infos-single\">\n                            <span>4<\/span>\n                            <p>day <br> course<\/p>\n                        <\/div>\n\t\t\t\t\t\t                        <div class=\"course-details__infos-single\">\n                            <span><\/span>\n                            <p><\/p>\n                        <\/div>\n\t\t\t\t\t\t                        <div class=\"course-details__infos-single\">\n                            <span><\/span>\n                            <p><\/p>\n                        <\/div>\n\t\t\t\t\t\t                    <\/div><!-- \/.course-details__infos -->\n                <\/div><!-- \/.course-details__image -->\n            <\/div><!-- \/.container -->\n        <\/section><!-- \/.course-details -->\n            \n\t\t\t\t\t\t<\/div>\n\t\t\t\t<\/div>\n\t\t\t\t\t<\/div>\n\t\t<\/div>\n\t\t\t\t\t<\/div>\n\t\t<\/section>\n\t\t\t\t<section class=\"elementor-section elementor-top-section elementor-element elementor-element-252170de elementor-section-full_width elementor-section-height-default elementor-section-height-default\" data-id=\"252170de\" data-element_type=\"section\">\n\t\t\t\t\t\t<div class=\"elementor-container elementor-column-gap-no\">\n\t\t\t\t\t<div class=\"elementor-column elementor-col-100 elementor-top-column elementor-element elementor-element-38806f40\" data-id=\"38806f40\" data-element_type=\"column\">\n\t\t\t<div class=\"elementor-widget-wrap elementor-element-populated\">\n\t\t\t\t\t\t<div class=\"elementor-element elementor-element-23f9d644 elementor-widget elementor-widget-scubo_course_details2\" data-id=\"23f9d644\" data-element_type=\"widget\" data-widget_type=\"scubo_course_details2.default\">\n\t\t\t\t<div class=\"elementor-widget-container\">\n\t\t\t\t\t\n        <section class=\"course-details two\">\n            <div class=\"container\">\n                <div class=\"course-details__content\">\n                    <h3>Expedici\u00f3n nocturna<\/h3>\n                    <p>Si ya tienes tu certificaci\u00f3n Advanced, est\u00e1s listo para la verdadera aventura. Olvida los colores y el sol; cuando el barco apaga sus motores al atardecer, empieza la verdadera expedici\u00f3n.<br><br>\nDe noche, el oc\u00e9ano es un mundo alien\u00edgena. Criaturas que se esconden del sol salen a cazar. Los pulpos acechan, las langostas caminan por el fondo y los corales se abren para alimentarse. Tu mundo se reduce al potente y n\u00edtido haz de tu linterna, y cada ser que iluminas es un descubrimiento.<br><br>\nEsta no es una clase. Es una expedici\u00f3n guiada para buzos que quieren sentir la emoci\u00f3n de explorar lo desconocido.\n<\/p>\n                    <h4>Tu misi\u00f3n nocturna<\/h4>\n                    <p>\u25cf\tRequisito Indispensable: Certificaci\u00f3n Advanced Open Water (o superior) O la especialidad de Buceo Nocturno.<br>\n\u25cf\tLa Experiencia: 1 inmersi\u00f3n nocturna guiada por un Instructor.<br>\n\u25cf\tEl Tono: Pura exploraci\u00f3n y adrenalina controlada.\n<\/p>\n                    <p>\n<\/p>\n\t\t\t\t\t\t\n                <\/div><!-- \/.course-details__content -->\n            <\/div><!-- \/.container -->\n        <\/section><!-- \/.course-details -->\n            \n\t\t\t\t\t\t<\/div>\n\t\t\t\t<\/div>\n\t\t\t\t\t<\/div>\n\t\t<\/div>\n\t\t\t\t\t<\/div>\n\t\t<\/section>\n\t\t\t\t<section class=\"elementor-section elementor-top-section elementor-element elementor-element-6a8a0a7c elementor-section-content-space-between elementor-section-boxed elementor-section-height-default elementor-section-height-default\" data-id=\"6a8a0a7c\" data-element_type=\"section\">\n\t\t\t\t\t\t<div class=\"elementor-container elementor-column-gap-no\">\n\t\t\t\t\t<div class=\"elementor-column elementor-col-50 elementor-top-column elementor-element elementor-element-3747a818\" data-id=\"3747a818\" data-element_type=\"column\">\n\t\t\t<div class=\"elementor-widget-wrap elementor-element-populated\">\n\t\t\t\t\t\t<div class=\"elementor-element elementor-element-3e6452e8 elementor-widget elementor-widget-scubo_about_left\" data-id=\"3e6452e8\" data-element_type=\"widget\" data-widget_type=\"scubo_about_left.default\">\n\t\t\t\t<div class=\"elementor-widget-container\">\n\t\t\t\t\t\n        <section class=\"about-two one\">\n            <div class=\"container\">\n                <div class=\"row\">\n                    <div class=\"col-lg-12 d-flex about-two__content-wrapper\">\n                        <div class=\"my-auto\">\n                            <div class=\"about-two__content\">\n                                <div class=\"block-title text-left\">\n                                    \t\t\t\t\t\t\t\t\t<div class=\"noimage\"><\/div>\n\t\t\t\t\t\t\t\t\t                                    <p class=\"text-uppercase\"><\/p>\n                                    <h3 class=\"text-uppercase\">Tu experiencia incluye<\/h3>\n                                <\/div><!-- \/.block-title -->\n                                <p>Nos encargamos de todos los detalles para que tu \u00fanica preocupaci\u00f3n sea disfrutar y aprender:<\/p>\n                                <ul class=\"list-unstyled about-two__list\">\n\t\t\t\t\t\t\t\t\t                                    <li>\n                                        <span class=\"about-two__list-count\"><\/span>\n                                        Gu\u00eda Profesional SSI                                     <\/li>\n\t\t\t\t\t\t\t\t\t                                    <li>\n                                        <span class=\"about-two__list-count\"><\/span>\n                                        1 Inmersi\u00f3n Nocturna desde barco                                    <\/li>\n\t\t\t\t\t\t\t\t\t                                    <li>\n                                        <span class=\"about-two__list-count\"><\/span>\n                                        Linterna (luz) primaria de alta potencia.                                    <\/li>\n\t\t\t\t\t\t\t\t\t                                    <li>\n                                        <span class=\"about-two__list-count\"><\/span>\n                                        Luz de respaldo o de posici\u00f3n.                                    <\/li>\n\t\t\t\t\t\t\t\t\t                                    <li>\n                                        <span class=\"about-two__list-count\"><\/span>\n                                        Briefing de seguridad y protocolos de comunicaci\u00f3n nocturna.                                    <\/li>\n\t\t\t\t\t\t\t\t\t                                    <li>\n                                        <span class=\"about-two__list-count\"><\/span>\n                                        Bebidas calientes (t\u00e9 o chocolate) para despu\u00e9s del buceo.                                    <\/li>\n\t\t\t\t\t\t\t\t\t                                    <li>\n                                        <span class=\"about-two__list-count\"><\/span>\n                                        Snacks, agua y toallas a bordo.                                    <\/li>\n\t\t\t\t\t\t\t\t\t                                <\/ul><!-- \/.list-unstyled about-two__list -->\n                            <\/div><!-- \/.about-two__content -->\n                        <\/div><!-- \/.my-auto -->\n                    <\/div><!-- \/.col-lg-6 -->\n                <\/div><!-- \/.row -->\n            <\/div><!-- \/.container -->\n        <\/section><!-- \/.about-two -->\n            \n\t\t\t\t\t\t<\/div>\n\t\t\t\t<\/div>\n\t\t\t\t\t<\/div>\n\t\t<\/div>\n\t\t\t\t<div class=\"elementor-column elementor-col-50 elementor-top-column elementor-element elementor-element-63a14e04\" data-id=\"63a14e04\" data-element_type=\"column\">\n\t\t\t<div class=\"elementor-widget-wrap elementor-element-populated\">\n\t\t\t\t\t\t<div class=\"elementor-element elementor-element-4ad0df6c elementor-widget elementor-widget-scubo_about_right\" data-id=\"4ad0df6c\" data-element_type=\"widget\" data-widget_type=\"scubo_about_right.default\">\n\t\t\t\t<div class=\"elementor-widget-container\">\n\t\t\t\t\t\n        <section class=\"about-two two\">\n            <div class=\"container\">\n                <div class=\"row\">\n                    <div class=\"col-lg-12\">\n                        <div class=\"about-two__image wow fadeInRight\" data-wow-duration=\"1500ms\">\n                               \n\t\t\t\t\t\t\t<img decoding=\"async\" src=\"https:\/\/reefcollective.com.mx\/wp-content\/uploads\/2025\/10\/Diseno-sin-titulo5.png\" alt=\"\"\/>\n\t\t\t\t\t\t\t                        <\/div><!-- \/.about-two__image -->\n                    <\/div><!-- \/.col-lg-6 -->\n                <\/div><!-- \/.row -->\n            <\/div><!-- \/.container -->\n        <\/section><!-- \/.about-two -->\n            \n\t\t\t\t\t\t<\/div>\n\t\t\t\t<\/div>\n\t\t\t\t\t<\/div>\n\t\t<\/div>\n\t\t\t\t\t<\/div>\n\t\t<\/section>\n\t\t<div class=\"elementor-element elementor-element-d31d0bf e-flex e-con-boxed e-con e-parent\" data-id=\"d31d0bf\" data-element_type=\"container\">\n\t\t\t\t\t<div class=\"e-con-inner\">\n\t\t\t\t\t<\/div>\n\t\t\t\t<\/div>\n\t\t\t\t<\/div>\n\t\t","protected":false},"excerpt":{"rendered":"<p>Detalles 4 day course Expedici\u00f3n nocturna Si ya tienes tu certificaci\u00f3n Advanced, est\u00e1s listo para la verdadera aventura. Olvida los colores y el sol; cuando el barco apaga sus motores al atardecer, empieza la verdadera expedici\u00f3n. De noche, el oc\u00e9ano es un mundo alien\u00edgena. Criaturas que se esconden del sol salen a cazar. Los pulpos [&hellip;]<\/p>\n","protected":false},"author":1,"featured_media":0,"parent":0,"menu_order":0,"comment_status":"closed","ping_status":"closed","template":"elementor_header_footer","meta":{"_joinchat":[],"footnotes":""},"class_list":["post-1899","page","type-page","status-publish","hentry"],"_links":{"self":[{"href":"https:\/\/reefcollective.com.mx\/index.php\/wp-json\/wp\/v2\/pages\/1899","targetHints":{"allow":["GET"]}}],"collection":[{"href":"https:\/\/reefcollective.com.mx\/index.php\/wp-json\/wp\/v2\/pages"}],"about":[{"href":"https:\/\/reefcollective.com.mx\/index.php\/wp-json\/wp\/v2\/types\/page"}],"author":[{"embeddable":true,"href":"https:\/\/reefcollective.com.mx\/index.php\/wp-json\/wp\/v2\/users\/1"}],"replies":[{"embeddable":true,"href":"https:\/\/reefcollective.com.mx\/index.php\/wp-json\/wp\/v2\/comments?post=1899"}],"version-history":[{"count":7,"href":"https:\/\/reefcollective.com.mx\/index.php\/wp-json\/wp\/v2\/pages\/1899\/revisions"}],"predecessor-version":[{"id":2015,"href":"https:\/\/reefcollective.com.mx\/index.php\/wp-json\/wp\/v2\/pages\/1899\/revisions\/2015"}],"wp:attachment":[{"href":"https:\/\/reefcollective.com.mx\/index.php\/wp-json\/wp\/v2\/media?parent=1899"}],"curies":[{"name":"wp","href":"https:\/\/api.w.org\/{rel}","templated":true}]}}