{"id":1874,"date":"2025-11-15T14:51:06","date_gmt":"2025-11-15T14:51:06","guid":{"rendered":"https:\/\/reefcollective.com.mx\/?page_id=1874"},"modified":"2025-11-21T20:05:32","modified_gmt":"2025-11-21T20:05:32","slug":"fun-dive","status":"publish","type":"page","link":"https:\/\/reefcollective.com.mx\/index.php\/fun-dive\/","title":{"rendered":"Fun Dive"},"content":{"rendered":"\t\t<div data-elementor-type=\"wp-page\" data-elementor-id=\"1874\" class=\"elementor elementor-1874\" data-elementor-post-type=\"page\">\n\t\t\t\t\t\t<section class=\"elementor-section elementor-top-section elementor-element elementor-element-487404e elementor-section-full_width elementor-section-height-default elementor-section-height-default\" data-id=\"487404e\" data-element_type=\"section\">\n\t\t\t\t\t\t<div class=\"elementor-container elementor-column-gap-no\">\n\t\t\t\t\t<div class=\"elementor-column elementor-col-100 elementor-top-column elementor-element elementor-element-2a9f6cf4\" data-id=\"2a9f6cf4\" data-element_type=\"column\">\n\t\t\t<div class=\"elementor-widget-wrap\">\n\t\t\t\t\t\t\t<\/div>\n\t\t<\/div>\n\t\t\t\t\t<\/div>\n\t\t<\/section>\n\t\t\t\t<section class=\"elementor-section elementor-top-section elementor-element elementor-element-6498e8d9 elementor-section-full_width elementor-section-height-default elementor-section-height-default\" data-id=\"6498e8d9\" data-element_type=\"section\">\n\t\t\t\t\t\t<div class=\"elementor-container elementor-column-gap-no\">\n\t\t\t\t\t<div class=\"elementor-column elementor-col-100 elementor-top-column elementor-element elementor-element-7f14990\" data-id=\"7f14990\" data-element_type=\"column\">\n\t\t\t<div class=\"elementor-widget-wrap\">\n\t\t\t\t\t\t\t<\/div>\n\t\t<\/div>\n\t\t\t\t\t<\/div>\n\t\t<\/section>\n\t\t\t\t<section class=\"elementor-section elementor-top-section elementor-element elementor-element-723d08f elementor-section-full_width elementor-section-height-default elementor-section-height-default\" data-id=\"723d08f\" data-element_type=\"section\">\n\t\t\t\t\t\t<div class=\"elementor-container elementor-column-gap-no\">\n\t\t\t\t\t<div class=\"elementor-column elementor-col-100 elementor-top-column elementor-element elementor-element-5b2b04be\" data-id=\"5b2b04be\" data-element_type=\"column\">\n\t\t\t<div class=\"elementor-widget-wrap elementor-element-populated\">\n\t\t\t\t\t\t<div class=\"elementor-element elementor-element-72240bce elementor-widget elementor-widget-scubo_course_details1\" data-id=\"72240bce\" data-element_type=\"widget\" data-widget_type=\"scubo_course_details1.default\">\n\t\t\t\t<div class=\"elementor-widget-container\">\n\t\t\t\t\t\n        <section class=\"course-details \">\n            <div class=\"container\">\n                <div class=\"course-details__image\">\n                       \n\t\t\t\t\t<img decoding=\"async\" src=\"https:\/\/reefcollective.com.mx\/wp-content\/uploads\/2025\/11\/Diseno-sin-titulo4.png\" alt=\"\"\/>\n\t\t\t\t\t                    <div class=\"course-details__infos wow fadeInRight\" data-wow-duration=\"1500ms\">\n                        <div class=\"course-details__infos-title\">Detalles<\/div>\n\t\t\t\t\t\t                        <div class=\"course-details__infos-single\">\n                            <span>4<\/span>\n                            <p>day <br> course<\/p>\n                        <\/div>\n\t\t\t\t\t\t                        <div class=\"course-details__infos-single\">\n                            <span><\/span>\n                            <p><\/p>\n                        <\/div>\n\t\t\t\t\t\t                        <div class=\"course-details__infos-single\">\n                            <span><\/span>\n                            <p><\/p>\n                        <\/div>\n\t\t\t\t\t\t                    <\/div><!-- \/.course-details__infos -->\n                <\/div><!-- \/.course-details__image -->\n            <\/div><!-- \/.container -->\n        <\/section><!-- \/.course-details -->\n            \n\t\t\t\t\t\t<\/div>\n\t\t\t\t<\/div>\n\t\t\t\t\t<\/div>\n\t\t<\/div>\n\t\t\t\t\t<\/div>\n\t\t<\/section>\n\t\t\t\t<section class=\"elementor-section elementor-top-section elementor-element elementor-element-252170de elementor-section-full_width elementor-section-height-default elementor-section-height-default\" data-id=\"252170de\" data-element_type=\"section\">\n\t\t\t\t\t\t<div class=\"elementor-container elementor-column-gap-no\">\n\t\t\t\t\t<div class=\"elementor-column elementor-col-100 elementor-top-column elementor-element elementor-element-38806f40\" data-id=\"38806f40\" data-element_type=\"column\">\n\t\t\t<div class=\"elementor-widget-wrap elementor-element-populated\">\n\t\t\t\t\t\t<div class=\"elementor-element elementor-element-23f9d644 elementor-widget elementor-widget-scubo_course_details2\" data-id=\"23f9d644\" data-element_type=\"widget\" data-widget_type=\"scubo_course_details2.default\">\n\t\t\t\t<div class=\"elementor-widget-container\">\n\t\t\t\t\t\n        <section class=\"course-details two\">\n            <div class=\"container\">\n                <div class=\"course-details__content\">\n                    <h3>Fun dive buceo para certificados<\/h3>\n                    <p>Nuestros Fun Dives est\u00e1n pensados para buzos certificados que quieren explorar Cozumel a su propio ritmo. Aqu\u00ed, dise\u00f1amos tu experiencia. <br><br>\nPuedes elegir una inmersi\u00f3n relajada para practicar flotabilidad y fotograf\u00eda macro, o podemos llevarte a la aventura en los arrecifes profundos y din\u00e1micos del sur: barcos hundidos, espectaculares swim-throughs (pasadizos), pin\u00e1culos y paredes que se pierden en el abismo.<br><br>\nLa visibilidad legendaria del Caribe, el agua templada y la vibrante vida marina hacen el resto.<\/p>\n                    <h4><\/h4>\n                    <p><\/p>\n                    <p>\n<\/p>\n\t\t\t\t\t\t\n                <\/div><!-- \/.course-details__content -->\n            <\/div><!-- \/.container -->\n        <\/section><!-- \/.course-details -->\n            \n\t\t\t\t\t\t<\/div>\n\t\t\t\t<\/div>\n\t\t\t\t\t<\/div>\n\t\t<\/div>\n\t\t\t\t\t<\/div>\n\t\t<\/section>\n\t\t\t\t<section class=\"elementor-section elementor-top-section elementor-element elementor-element-6a8a0a7c elementor-section-content-space-between elementor-section-boxed elementor-section-height-default elementor-section-height-default\" data-id=\"6a8a0a7c\" data-element_type=\"section\">\n\t\t\t\t\t\t<div class=\"elementor-container elementor-column-gap-no\">\n\t\t\t\t\t<div class=\"elementor-column elementor-col-50 elementor-top-column elementor-element elementor-element-3747a818\" data-id=\"3747a818\" data-element_type=\"column\">\n\t\t\t<div class=\"elementor-widget-wrap elementor-element-populated\">\n\t\t\t\t\t\t<div class=\"elementor-element elementor-element-3e6452e8 elementor-widget elementor-widget-scubo_about_left\" data-id=\"3e6452e8\" data-element_type=\"widget\" data-widget_type=\"scubo_about_left.default\">\n\t\t\t\t<div class=\"elementor-widget-container\">\n\t\t\t\t\t\n        <section class=\"about-two one\">\n            <div class=\"container\">\n                <div class=\"row\">\n                    <div class=\"col-lg-12 d-flex about-two__content-wrapper\">\n                        <div class=\"my-auto\">\n                            <div class=\"about-two__content\">\n                                <div class=\"block-title text-left\">\n                                    \t\t\t\t\t\t\t\t\t<div class=\"noimage\"><\/div>\n\t\t\t\t\t\t\t\t\t                                    <p class=\"text-uppercase\"><\/p>\n                                    <h3 class=\"text-uppercase\">Tu experiencia incluye todo<\/h3>\n                                <\/div><!-- \/.block-title -->\n                                <p><\/p>\n                                <ul class=\"list-unstyled about-two__list\">\n\t\t\t\t\t\t\t\t\t                                    <li>\n                                        <span class=\"about-two__list-count\"><\/span>\n                                        2 inmersiones en arrecifes del Parque Marino.                                    <\/li>\n\t\t\t\t\t\t\t\t\t                                    <li>\n                                        <span class=\"about-two__list-count\"><\/span>\n                                        Tanques a tu elecci\u00f3n: Est\u00e1ndar (80cf), Grande (100cf) o Set Sidemount                                    <\/li>\n\t\t\t\t\t\t\t\t\t                                    <li>\n                                        <span class=\"about-two__list-count\"><\/span>\n                                        Tanques Nitrox 32% y 36% (80cf y Sidemount)                                    <\/li>\n\t\t\t\t\t\t\t\t\t                                    <li>\n                                        <span class=\"about-two__list-count\"><\/span>\n                                        Poncho (para mantenerte caliente entre buceos).                                    <\/li>\n\t\t\t\t\t\t\t\t\t                                    <li>\n                                        <span class=\"about-two__list-count\"><\/span>\n                                        Hidrataci\u00f3n, comida energ\u00e9tica y saludable a bordo.                                    <\/li>\n\t\t\t\t\t\t\t\t\t                                    <li>\n                                        <span class=\"about-two__list-count\"><\/span>\n                                        Un par de fotos de recuerdo para que lleves la experiencia contigo.                                    <\/li>\n\t\t\t\t\t\t\t\t\t                                <\/ul><!-- \/.list-unstyled about-two__list -->\n                            <\/div><!-- \/.about-two__content -->\n                        <\/div><!-- \/.my-auto -->\n                    <\/div><!-- \/.col-lg-6 -->\n                <\/div><!-- \/.row -->\n            <\/div><!-- \/.container -->\n        <\/section><!-- \/.about-two -->\n            \n\t\t\t\t\t\t<\/div>\n\t\t\t\t<\/div>\n\t\t\t\t\t<\/div>\n\t\t<\/div>\n\t\t\t\t<div class=\"elementor-column elementor-col-50 elementor-top-column elementor-element elementor-element-63a14e04\" data-id=\"63a14e04\" data-element_type=\"column\">\n\t\t\t<div class=\"elementor-widget-wrap elementor-element-populated\">\n\t\t\t\t\t\t<div class=\"elementor-element elementor-element-4ad0df6c elementor-widget elementor-widget-scubo_about_right\" data-id=\"4ad0df6c\" data-element_type=\"widget\" data-widget_type=\"scubo_about_right.default\">\n\t\t\t\t<div class=\"elementor-widget-container\">\n\t\t\t\t\t\n        <section class=\"about-two two\">\n            <div class=\"container\">\n                <div class=\"row\">\n                    <div class=\"col-lg-12\">\n                        <div class=\"about-two__image wow fadeInRight\" data-wow-duration=\"1500ms\">\n                               \n\t\t\t\t\t\t\t<img decoding=\"async\" src=\"https:\/\/reefcollective.com.mx\/wp-content\/uploads\/2025\/10\/Diseno-sin-titulo5.png\" alt=\"\"\/>\n\t\t\t\t\t\t\t                        <\/div><!-- \/.about-two__image -->\n                    <\/div><!-- \/.col-lg-6 -->\n                <\/div><!-- \/.row -->\n            <\/div><!-- \/.container -->\n        <\/section><!-- \/.about-two -->\n            \n\t\t\t\t\t\t<\/div>\n\t\t\t\t<\/div>\n\t\t\t\t\t<\/div>\n\t\t<\/div>\n\t\t\t\t\t<\/div>\n\t\t<\/section>\n\t\t<div class=\"elementor-element elementor-element-d31d0bf e-flex e-con-boxed e-con e-parent\" data-id=\"d31d0bf\" data-element_type=\"container\">\n\t\t\t\t\t<div class=\"e-con-inner\">\n\t\t\t\t\t<\/div>\n\t\t\t\t<\/div>\n\t\t\t\t<section class=\"elementor-section elementor-top-section elementor-element elementor-element-55a3fdc5 elementor-section-boxed elementor-section-height-default elementor-section-height-default\" data-id=\"55a3fdc5\" data-element_type=\"section\">\n\t\t\t\t\t\t<div class=\"elementor-container elementor-column-gap-no\">\n\t\t\t\t\t<div class=\"elementor-column elementor-col-100 elementor-top-column elementor-element elementor-element-59aa41bc\" data-id=\"59aa41bc\" data-element_type=\"column\">\n\t\t\t<div class=\"elementor-widget-wrap elementor-element-populated\">\n\t\t\t\t\t\t<div class=\"elementor-element elementor-element-3c3ee2c elementor-widget elementor-widget-heading\" data-id=\"3c3ee2c\" data-element_type=\"widget\" data-widget_type=\"heading.default\">\n\t\t\t\t\t<h3 class=\"elementor-heading-title elementor-size-default\">Habilidades que obtendr\u00e1s<\/h3>\t\t\t\t<\/div>\n\t\t\t\t<div class=\"elementor-element elementor-element-bf23499 elementor-widget elementor-widget-text-editor\" data-id=\"bf23499\" data-element_type=\"widget\" data-widget_type=\"text-editor.default\">\n\t\t\t\t\t\t\t\t\t<p>(En un Fun Dive no se \u00abense\u00f1an\u00bb habilidades, \u00a1se \u00abaplican\u00bb en el mundo real!)<\/p>\t\t\t\t\t\t\t\t<\/div>\n\t\t\t\t<div class=\"elementor-element elementor-element-6a1fed63 elementor-widget elementor-widget-scubo_pricing_range\" data-id=\"6a1fed63\" data-element_type=\"widget\" data-widget_type=\"scubo_pricing_range.default\">\n\t\t\t\t<div class=\"elementor-widget-container\">\n\t\t\t\t\t\n\t\t\t\n\t\t<div class=\"pricing-one\">\n\t\t\t\t\n\t\t\t\t\t\t<img decoding=\"async\" src=\"https:\/\/reefcollective.com.mx\/wp-content\/uploads\/2025\/10\/buceo.png\" class=\"contact-one__swimmer\" alt=\"\">\n\t\t\t\n\t\t\t<div class=\"container\">\n\t\t\t\t<div class=\"table-responsive\">\n\t\t\t\t\t<table>\n\t\t\t\t\t\t<thead>\n\t\t\t\t\t\t\t<tr>\n\t\t\t\t\t\t\t\t\t\t\t\t\t\t\t\t<th>Habilidades t\u00e9cnicas<\/th>\n\t\t\t\t\t\t\t\t\t\t\t\t\t\t\t\t<th>Habilidades personales<\/th>\n\t\t\t\t\t\t\t\t\t\t\t\t\t\t\t<\/tr>\n\t\t\t\t\t\t<\/thead>\n\t\t\t\t\t\t<tbody>\n\t\t\t\t\t\t\t\t\t\t\t\t\t\t<tr>\n\t\t\t\t\t\t\t\t\t\t\t\t\t\t\t\t\t\t\t\t\t\t\t\t<td>Control de Flotabilidad Avanzado: Mantenerte neutro en corrientes o al pasar por swim-throughs.<\/td>\t\t\t\t\t\t\t\t\t\t\t\t\t\t\t\t\t\t\t\t\t\t\t\t\t\t\t\t\t\t\t\t<td>Relajaci\u00f3n y Disfrute: La meta principal. Soltar el estr\u00e9s y simplemente \"ser\" bajo el agua<\/td>\t\t\t\t\t\t\t\t\t\t\t\t\t\t\t\t\t\t\t\t\t\t\t\t\t\t\t\t\t\t\t<\/tr>\n\t\t\t\t\t\t\t\t\t\t\t\t\t\t<tr>\n\t\t\t\t\t\t\t\t\t\t\t\t\t\t\t\t\t\t\t\t\t\t\t\t<td>Gesti\u00f3n de Aire Eficiente: Aplicar una respiraci\u00f3n calmada para extender tu tiempo de fondo.<\/td>\t\t\t\t\t\t\t\t\t\t\t\t\t\t\t\t\t\t\t\t\t\t\t\t\t\t\t\t\t\t\t\t<td>Sentido de Exploraci\u00f3n: La adrenalina de asomarte a una pared o descubrir una cueva.<\/td>\t\t\t\t\t\t\t\t\t\t\t\t\t\t\t\t\t\t\t\t\t\t\t\t\t\t\t\t\t\t\t<\/tr>\n\t\t\t\t\t\t\t\t\t\t\t\t\t\t<tr>\n\t\t\t\t\t\t\t\t\t\t\t\t\t\t\t\t\t\t\t\t\t\t\t\t<td>T\u00e9cnicas de Buceo en Corriente: Aprender a \"volar\" relajadamente usando las corrientes de Cozumel.<\/td>\t\t\t\t\t\t\t\t\t\t\t\t\t\t\t\t\t\t\t\t\t\t\t\t\t\t\t\t\t\t\t\t<td>Adaptabilidad: Reaccionar con calma a condiciones cambiantes (corrientes, profundidad).<\/td>\t\t\t\t\t\t\t\t\t\t\t\t\t\t\t\t\t\t\t\t\t\t\t\t\t\t\t\t\t\t\t<\/tr>\n\t\t\t\t\t\t\t\t\t\t\t\t\t\t<tr>\n\t\t\t\t\t\t\t\t\t\t\t\t\t\t\t\t\t\t\t\t\t\t\t\t<td>Navegaci\u00f3n Natural: Seguir al gu\u00eda y empezar a reconocer formaciones del arrecife para orientarte.<\/td>\t\t\t\t\t\t\t\t\t\t\t\t\t\t\t\t\t\t\t\t\t\t\t\t\t\t\t\t\t\t\t\t<td>Observaci\u00f3n Aguda: Desarrollar el \"ojo de buzo\" para encontrar vida marina oculta.<\/td>\t\t\t\t\t\t\t\t\t\t\t\t\t\t\t\t\t\t\t\t\t\t\t\t\t\t\t\t\t\t\t<\/tr>\n\t\t\t\t\t\t\t\t\t\t\t\t\t<\/tbody>\n\t\t\t\t\t<\/table>\n\t\t\t\t<\/div><!-- \/.table-responsive -->\n\t\t\t<\/div><!-- \/.container -->\n\t\t<\/section><!-- \/.pricing-one -->\n            \n\t\t\t\t\t\t<\/div>\n\t\t\t\t<\/div>\n\t\t\t\t\t<\/div>\n\t\t<\/div>\n\t\t\t\t\t<\/div>\n\t\t<\/section>\n\t\t\t\t<\/div>\n\t\t","protected":false},"excerpt":{"rendered":"<p>Detalles 4 day course Fun dive buceo para certificados Nuestros Fun Dives est\u00e1n pensados para buzos certificados que quieren explorar Cozumel a su propio ritmo. Aqu\u00ed, dise\u00f1amos tu experiencia. Puedes elegir una inmersi\u00f3n relajada para practicar flotabilidad y fotograf\u00eda macro, o podemos llevarte a la aventura en los arrecifes profundos y din\u00e1micos del sur: barcos [&hellip;]<\/p>\n","protected":false},"author":1,"featured_media":0,"parent":0,"menu_order":0,"comment_status":"closed","ping_status":"closed","template":"elementor_header_footer","meta":{"_joinchat":[],"footnotes":""},"class_list":["post-1874","page","type-page","status-publish","hentry"],"_links":{"self":[{"href":"https:\/\/reefcollective.com.mx\/index.php\/wp-json\/wp\/v2\/pages\/1874","targetHints":{"allow":["GET"]}}],"collection":[{"href":"https:\/\/reefcollective.com.mx\/index.php\/wp-json\/wp\/v2\/pages"}],"about":[{"href":"https:\/\/reefcollective.com.mx\/index.php\/wp-json\/wp\/v2\/types\/page"}],"author":[{"embeddable":true,"href":"https:\/\/reefcollective.com.mx\/index.php\/wp-json\/wp\/v2\/users\/1"}],"replies":[{"embeddable":true,"href":"https:\/\/reefcollective.com.mx\/index.php\/wp-json\/wp\/v2\/comments?post=1874"}],"version-history":[{"count":16,"href":"https:\/\/reefcollective.com.mx\/index.php\/wp-json\/wp\/v2\/pages\/1874\/revisions"}],"predecessor-version":[{"id":2008,"href":"https:\/\/reefcollective.com.mx\/index.php\/wp-json\/wp\/v2\/pages\/1874\/revisions\/2008"}],"wp:attachment":[{"href":"https:\/\/reefcollective.com.mx\/index.php\/wp-json\/wp\/v2\/media?parent=1874"}],"curies":[{"name":"wp","href":"https:\/\/api.w.org\/{rel}","templated":true}]}}