{"id":1846,"date":"2025-11-15T13:48:43","date_gmt":"2025-11-15T13:48:43","guid":{"rendered":"https:\/\/reefcollective.com.mx\/?page_id=1846"},"modified":"2025-11-27T23:39:03","modified_gmt":"2025-11-27T23:39:03","slug":"basic-diver","status":"publish","type":"page","link":"https:\/\/reefcollective.com.mx\/index.php\/basic-diver\/","title":{"rendered":"Basic diver"},"content":{"rendered":"\t\t<div data-elementor-type=\"wp-page\" data-elementor-id=\"1846\" class=\"elementor elementor-1846\" data-elementor-post-type=\"page\">\n\t\t\t\t\t\t<section class=\"elementor-section elementor-top-section elementor-element elementor-element-487404e elementor-section-full_width elementor-section-height-default elementor-section-height-default\" data-id=\"487404e\" data-element_type=\"section\">\n\t\t\t\t\t\t<div class=\"elementor-container elementor-column-gap-no\">\n\t\t\t\t\t<div class=\"elementor-column elementor-col-100 elementor-top-column elementor-element elementor-element-2a9f6cf4\" data-id=\"2a9f6cf4\" data-element_type=\"column\">\n\t\t\t<div class=\"elementor-widget-wrap\">\n\t\t\t\t\t\t\t<\/div>\n\t\t<\/div>\n\t\t\t\t\t<\/div>\n\t\t<\/section>\n\t\t\t\t<section class=\"elementor-section elementor-top-section elementor-element elementor-element-6498e8d9 elementor-section-full_width elementor-section-height-default elementor-section-height-default\" data-id=\"6498e8d9\" data-element_type=\"section\">\n\t\t\t\t\t\t<div class=\"elementor-container elementor-column-gap-no\">\n\t\t\t\t\t<div class=\"elementor-column elementor-col-100 elementor-top-column elementor-element elementor-element-7f14990\" data-id=\"7f14990\" data-element_type=\"column\">\n\t\t\t<div class=\"elementor-widget-wrap\">\n\t\t\t\t\t\t\t<\/div>\n\t\t<\/div>\n\t\t\t\t\t<\/div>\n\t\t<\/section>\n\t\t\t\t<section class=\"elementor-section elementor-top-section elementor-element elementor-element-723d08f elementor-section-full_width elementor-section-height-default elementor-section-height-default\" data-id=\"723d08f\" data-element_type=\"section\">\n\t\t\t\t\t\t<div class=\"elementor-container elementor-column-gap-no\">\n\t\t\t\t\t<div class=\"elementor-column elementor-col-100 elementor-top-column elementor-element elementor-element-5b2b04be\" data-id=\"5b2b04be\" data-element_type=\"column\">\n\t\t\t<div class=\"elementor-widget-wrap elementor-element-populated\">\n\t\t\t\t\t\t<div class=\"elementor-element elementor-element-72240bce elementor-widget elementor-widget-scubo_course_details1\" data-id=\"72240bce\" data-element_type=\"widget\" data-widget_type=\"scubo_course_details1.default\">\n\t\t\t\t<div class=\"elementor-widget-container\">\n\t\t\t\t\t\n        <section class=\"course-details \">\n            <div class=\"container\">\n                <div class=\"course-details__image\">\n                       \n\t\t\t\t\t<img decoding=\"async\" src=\"https:\/\/reefcollective.com.mx\/wp-content\/uploads\/2025\/11\/Diseno-sin-titulo2-1.png\" alt=\"\"\/>\n\t\t\t\t\t                    <div class=\"course-details__infos wow fadeInRight\" data-wow-duration=\"1500ms\">\n                        <div class=\"course-details__infos-title\">Detalles<\/div>\n\t\t\t\t\t\t                        <div class=\"course-details__infos-single\">\n                            <span>4<\/span>\n                            <p>day <br> course<\/p>\n                        <\/div>\n\t\t\t\t\t\t                        <div class=\"course-details__infos-single\">\n                            <span><\/span>\n                            <p><\/p>\n                        <\/div>\n\t\t\t\t\t\t                        <div class=\"course-details__infos-single\">\n                            <span><\/span>\n                            <p><\/p>\n                        <\/div>\n\t\t\t\t\t\t                    <\/div><!-- \/.course-details__infos -->\n                <\/div><!-- \/.course-details__image -->\n            <\/div><!-- \/.container -->\n        <\/section><!-- \/.course-details -->\n            \n\t\t\t\t\t\t<\/div>\n\t\t\t\t<\/div>\n\t\t\t\t\t<\/div>\n\t\t<\/div>\n\t\t\t\t\t<\/div>\n\t\t<\/section>\n\t\t\t\t<section class=\"elementor-section elementor-top-section elementor-element elementor-element-252170de elementor-section-full_width elementor-section-height-default elementor-section-height-default\" data-id=\"252170de\" data-element_type=\"section\">\n\t\t\t\t\t\t<div class=\"elementor-container elementor-column-gap-no\">\n\t\t\t\t\t<div class=\"elementor-column elementor-col-100 elementor-top-column elementor-element elementor-element-38806f40\" data-id=\"38806f40\" data-element_type=\"column\">\n\t\t\t<div class=\"elementor-widget-wrap elementor-element-populated\">\n\t\t\t\t\t\t<div class=\"elementor-element elementor-element-23f9d644 elementor-widget elementor-widget-scubo_course_details2\" data-id=\"23f9d644\" data-element_type=\"widget\" data-widget_type=\"scubo_course_details2.default\">\n\t\t\t\t<div class=\"elementor-widget-container\">\n\t\t\t\t\t\n        <section class=\"course-details two\">\n            <div class=\"container\">\n                <div class=\"course-details__content\">\n                    <h3>B\u00e1sico diver (bautismo)\n<\/h3>\n                    <p>Esta es una aventura dise\u00f1ada para que pruebes el buceo por primera vez, sin necesidad de un curso completo.\n<br>\n<br>\nTu Experiencia de Bautismo:\n<br>\n1.\tLecci\u00f3n Breve: Tu instructor te explicar\u00e1 las reglas y habilidades b\u00e1sicas para tu seguridad y correcto uso del equipo\n<br>\n2.\tPr\u00e1ctica en Aguas Poco Profundas: Ir\u00e1n a un lugar calmo (mar muy poco profundo) y practicar\u00e1s 3 habilidades simples, como respirar y limpiar tu m\u00e1scara y recuperar tu regulador.\n<br>\n3.\t\u00a1Tu Primera Inmersi\u00f3n! Una vez c\u00f3modo, el instructor te llevar\u00e1 en una inmersi\u00f3n  en el arrecife. \u00c9l te supervisar\u00e1 directamente, muy de cerca (a veces de la mano), para que te sientas 100% seguro.\nEs la forma perfecta de experimentar la sensaci\u00f3n de respirar bajo el agua y ver el arrecife sin comprometerte a los 3 d\u00edas del curso completo.\n\n<\/p>\n                    <h4><\/h4>\n                    <p><\/p>\n                    <p>\n<\/p>\n\t\t\t\t\t\t\n                <\/div><!-- \/.course-details__content -->\n            <\/div><!-- \/.container -->\n        <\/section><!-- \/.course-details -->\n            \n\t\t\t\t\t\t<\/div>\n\t\t\t\t<\/div>\n\t\t\t\t\t<\/div>\n\t\t<\/div>\n\t\t\t\t\t<\/div>\n\t\t<\/section>\n\t\t<div class=\"elementor-element elementor-element-d31d0bf e-flex e-con-boxed e-con e-parent\" data-id=\"d31d0bf\" data-element_type=\"container\">\n\t\t\t\t\t<div class=\"e-con-inner\">\n\t\t\t\t\t<\/div>\n\t\t\t\t<\/div>\n\t\t\t\t<section class=\"elementor-section elementor-top-section elementor-element elementor-element-55a3fdc5 elementor-section-boxed elementor-section-height-default elementor-section-height-default\" data-id=\"55a3fdc5\" data-element_type=\"section\">\n\t\t\t\t\t\t<div class=\"elementor-container elementor-column-gap-no\">\n\t\t\t\t\t<div class=\"elementor-column elementor-col-100 elementor-top-column elementor-element elementor-element-59aa41bc\" data-id=\"59aa41bc\" data-element_type=\"column\">\n\t\t\t<div class=\"elementor-widget-wrap elementor-element-populated\">\n\t\t\t\t\t\t<div class=\"elementor-element elementor-element-3c3ee2c elementor-widget elementor-widget-heading\" data-id=\"3c3ee2c\" data-element_type=\"widget\" data-widget_type=\"heading.default\">\n\t\t\t\t\t<h3 class=\"elementor-heading-title elementor-size-default\">Habilidades que obtendr\u00e1s<\/h3>\t\t\t\t<\/div>\n\t\t\t\t<div class=\"elementor-element elementor-element-bf23499 elementor-widget elementor-widget-text-editor\" data-id=\"bf23499\" data-element_type=\"widget\" data-widget_type=\"text-editor.default\">\n\t\t\t\t\t\t\t\t\t<p>Mientras te diviertes, tambi\u00e9n estar\u00e1s ganando nuevas habilidades casi sin darte cuenta.<\/p>\t\t\t\t\t\t\t\t<\/div>\n\t\t\t\t<div class=\"elementor-element elementor-element-6a1fed63 elementor-widget elementor-widget-scubo_pricing_range\" data-id=\"6a1fed63\" data-element_type=\"widget\" data-widget_type=\"scubo_pricing_range.default\">\n\t\t\t\t<div class=\"elementor-widget-container\">\n\t\t\t\t\t\n\t\t\t\n\t\t<div class=\"pricing-one\">\n\t\t\t\t\n\t\t\t\t\t\t<img decoding=\"async\" src=\"https:\/\/reefcollective.com.mx\/wp-content\/uploads\/2025\/10\/buceo.png\" class=\"contact-one__swimmer\" alt=\"\">\n\t\t\t\n\t\t\t<div class=\"container\">\n\t\t\t\t<div class=\"table-responsive\">\n\t\t\t\t\t<table>\n\t\t\t\t\t\t<thead>\n\t\t\t\t\t\t\t<tr>\n\t\t\t\t\t\t\t\t\t\t\t\t\t\t\t\t<th>Habilidades t\u00e9cnicas<\/th>\n\t\t\t\t\t\t\t\t\t\t\t\t\t\t\t\t<th>Habilidades personales<\/th>\n\t\t\t\t\t\t\t\t\t\t\t\t\t\t\t<\/tr>\n\t\t\t\t\t\t<\/thead>\n\t\t\t\t\t\t<tbody>\n\t\t\t\t\t\t\t\t\t\t\t\t\t\t<tr>\n\t\t\t\t\t\t\t\t\t\t\t\t\t\t\t\t\t\t\t\t\t\t\t\t<td>Respirar bajo el agua: La habilidad fundamental de respirar de un regulador.<\/td>\t\t\t\t\t\t\t\t\t\t\t\t\t\t\t\t\t\t\t\t\t\t\t\t\t\t\t\t\t\t\t\t<td>Confianza: Superar el desaf\u00edo mental de \"respirar bajo el agua\".<\/td>\t\t\t\t\t\t\t\t\t\t\t\t\t\t\t\t\t\t\t\t\t\t\t\t\t\t\t\t\t\t\t<\/tr>\n\t\t\t\t\t\t\t\t\t\t\t\t\t\t<tr>\n\t\t\t\t\t\t\t\t\t\t\t\t\t\t\t\t\t\t\t\t\t\t\t\t<td>Limpieza de Regulador: Saber c\u00f3mo volver a ponerte el regulador si se te sale.<\/td>\t\t\t\t\t\t\t\t\t\t\t\t\t\t\t\t\t\t\t\t\t\t\t\t\t\t\t\t\t\t\t\t<td>Asombro y Calma: La sensaci\u00f3n de \"volar\" sin peso y ver un mundo nuevo.<\/td>\t\t\t\t\t\t\t\t\t\t\t\t\t\t\t\t\t\t\t\t\t\t\t\t\t\t\t\t\t\t\t<\/tr>\n\t\t\t\t\t\t\t\t\t\t\t\t\t\t<tr>\n\t\t\t\t\t\t\t\t\t\t\t\t\t\t\t\t\t\t\t\t\t\t\t\t<td>Limpieza de M\u00e1scara: Aprender a sacar un poco de agua de tu m\u00e1scara.<\/td>\t\t\t\t\t\t\t\t\t\t\t\t\t\t\t\t\t\t\t\t\t\t\t\t\t\t\t\t\t\t\t\t<td>Autocontrol: Aprender a mantener la calma y seguir instrucciones en un entorno nuevo.<\/td>\t\t\t\t\t\t\t\t\t\t\t\t\t\t\t\t\t\t\t\t\t\t\t\t\t\t\t\t\t\t\t<\/tr>\n\t\t\t\t\t\t\t\t\t\t\t\t\t\t<tr>\n\t\t\t\t\t\t\t\t\t\t\t\t\t\t\t\t\t\t\t\t\t\t\t\t<td>T\u00e9cnicas de Ecualizaci\u00f3n: C\u00f3mo compensar la presi\u00f3n en tus o\u00eddos de forma segura.<\/td>\t\t\t\t\t\t\t\t\t\t\t\t\t\t\t\t\t\t\t\t\t\t\t\t\t\t\t\t\t\t\t\t<td>Adaptaci\u00f3n: Acostumbrar tu cuerpo a una sensaci\u00f3n completamente nueva.<\/td>\t\t\t\t\t\t\t\t\t\t\t\t\t\t\t\t\t\t\t\t\t\t\t\t\t\t\t\t\t\t\t<\/tr>\n\t\t\t\t\t\t\t\t\t\t\t\t\t<\/tbody>\n\t\t\t\t\t<\/table>\n\t\t\t\t<\/div><!-- \/.table-responsive -->\n\t\t\t<\/div><!-- \/.container -->\n\t\t<\/section><!-- \/.pricing-one -->\n            \n\t\t\t\t\t\t<\/div>\n\t\t\t\t<\/div>\n\t\t\t\t\t<\/div>\n\t\t<\/div>\n\t\t\t\t\t<\/div>\n\t\t<\/section>\n\t\t\t\t<\/div>\n\t\t","protected":false},"excerpt":{"rendered":"<p>Detalles 4 day course B\u00e1sico diver (bautismo) Esta es una aventura dise\u00f1ada para que pruebes el buceo por primera vez, sin necesidad de un curso completo. Tu Experiencia de Bautismo: 1. Lecci\u00f3n Breve: Tu instructor te explicar\u00e1 las reglas y habilidades b\u00e1sicas para tu seguridad y correcto uso del equipo 2. Pr\u00e1ctica en Aguas Poco [&hellip;]<\/p>\n","protected":false},"author":1,"featured_media":0,"parent":0,"menu_order":0,"comment_status":"closed","ping_status":"closed","template":"elementor_header_footer","meta":{"_joinchat":[],"footnotes":""},"class_list":["post-1846","page","type-page","status-publish","hentry"],"_links":{"self":[{"href":"https:\/\/reefcollective.com.mx\/index.php\/wp-json\/wp\/v2\/pages\/1846","targetHints":{"allow":["GET"]}}],"collection":[{"href":"https:\/\/reefcollective.com.mx\/index.php\/wp-json\/wp\/v2\/pages"}],"about":[{"href":"https:\/\/reefcollective.com.mx\/index.php\/wp-json\/wp\/v2\/types\/page"}],"author":[{"embeddable":true,"href":"https:\/\/reefcollective.com.mx\/index.php\/wp-json\/wp\/v2\/users\/1"}],"replies":[{"embeddable":true,"href":"https:\/\/reefcollective.com.mx\/index.php\/wp-json\/wp\/v2\/comments?post=1846"}],"version-history":[{"count":13,"href":"https:\/\/reefcollective.com.mx\/index.php\/wp-json\/wp\/v2\/pages\/1846\/revisions"}],"predecessor-version":[{"id":2032,"href":"https:\/\/reefcollective.com.mx\/index.php\/wp-json\/wp\/v2\/pages\/1846\/revisions\/2032"}],"wp:attachment":[{"href":"https:\/\/reefcollective.com.mx\/index.php\/wp-json\/wp\/v2\/media?parent=1846"}],"curies":[{"name":"wp","href":"https:\/\/api.w.org\/{rel}","templated":true}]}}