{"id":1682,"date":"2025-11-14T22:23:40","date_gmt":"2025-11-14T22:23:40","guid":{"rendered":"https:\/\/reefcollective.com.mx\/?page_id=1682"},"modified":"2025-11-21T12:26:33","modified_gmt":"2025-11-21T12:26:33","slug":"nitrox","status":"publish","type":"page","link":"https:\/\/reefcollective.com.mx\/index.php\/nitrox\/","title":{"rendered":"Nitrox"},"content":{"rendered":"\t\t<div data-elementor-type=\"wp-page\" data-elementor-id=\"1682\" class=\"elementor elementor-1682\" data-elementor-post-type=\"page\">\n\t\t\t\t\t\t<section class=\"elementor-section elementor-top-section elementor-element elementor-element-487404e elementor-section-full_width elementor-section-height-default elementor-section-height-default\" data-id=\"487404e\" data-element_type=\"section\">\n\t\t\t\t\t\t<div class=\"elementor-container elementor-column-gap-no\">\n\t\t\t\t\t<div class=\"elementor-column elementor-col-100 elementor-top-column elementor-element elementor-element-2a9f6cf4\" data-id=\"2a9f6cf4\" data-element_type=\"column\">\n\t\t\t<div class=\"elementor-widget-wrap\">\n\t\t\t\t\t\t\t<\/div>\n\t\t<\/div>\n\t\t\t\t\t<\/div>\n\t\t<\/section>\n\t\t\t\t<section class=\"elementor-section elementor-top-section elementor-element elementor-element-6498e8d9 elementor-section-full_width elementor-section-height-default elementor-section-height-default\" data-id=\"6498e8d9\" data-element_type=\"section\">\n\t\t\t\t\t\t<div class=\"elementor-container elementor-column-gap-no\">\n\t\t\t\t\t<div class=\"elementor-column elementor-col-100 elementor-top-column elementor-element elementor-element-7f14990\" data-id=\"7f14990\" data-element_type=\"column\">\n\t\t\t<div class=\"elementor-widget-wrap\">\n\t\t\t\t\t\t\t<\/div>\n\t\t<\/div>\n\t\t\t\t\t<\/div>\n\t\t<\/section>\n\t\t\t\t<section class=\"elementor-section elementor-top-section elementor-element elementor-element-723d08f elementor-section-full_width elementor-section-height-default elementor-section-height-default\" data-id=\"723d08f\" data-element_type=\"section\">\n\t\t\t\t\t\t<div class=\"elementor-container elementor-column-gap-no\">\n\t\t\t\t\t<div class=\"elementor-column elementor-col-100 elementor-top-column elementor-element elementor-element-5b2b04be\" data-id=\"5b2b04be\" data-element_type=\"column\">\n\t\t\t<div class=\"elementor-widget-wrap elementor-element-populated\">\n\t\t\t\t\t\t<div class=\"elementor-element elementor-element-72240bce elementor-widget elementor-widget-scubo_course_details1\" data-id=\"72240bce\" data-element_type=\"widget\" data-widget_type=\"scubo_course_details1.default\">\n\t\t\t\t<div class=\"elementor-widget-container\">\n\t\t\t\t\t\n        <section class=\"course-details \">\n            <div class=\"container\">\n                <div class=\"course-details__image\">\n                       \n\t\t\t\t\t<img decoding=\"async\" src=\"https:\/\/reefcollective.com.mx\/wp-content\/uploads\/2025\/11\/advanced-adventurer.jpg\" alt=\"\"\/>\n\t\t\t\t\t                    <div class=\"course-details__infos wow fadeInRight\" data-wow-duration=\"1500ms\">\n                        <div class=\"course-details__infos-title\">Detalles<\/div>\n\t\t\t\t\t\t                        <div class=\"course-details__infos-single\">\n                            <span>4<\/span>\n                            <p>day <br> course<\/p>\n                        <\/div>\n\t\t\t\t\t\t                        <div class=\"course-details__infos-single\">\n                            <span><\/span>\n                            <p><\/p>\n                        <\/div>\n\t\t\t\t\t\t                        <div class=\"course-details__infos-single\">\n                            <span><\/span>\n                            <p><\/p>\n                        <\/div>\n\t\t\t\t\t\t                    <\/div><!-- \/.course-details__infos -->\n                <\/div><!-- \/.course-details__image -->\n            <\/div><!-- \/.container -->\n        <\/section><!-- \/.course-details -->\n            \n\t\t\t\t\t\t<\/div>\n\t\t\t\t<\/div>\n\t\t\t\t\t<\/div>\n\t\t<\/div>\n\t\t\t\t\t<\/div>\n\t\t<\/section>\n\t\t\t\t<section class=\"elementor-section elementor-top-section elementor-element elementor-element-252170de elementor-section-full_width elementor-section-height-default elementor-section-height-default\" data-id=\"252170de\" data-element_type=\"section\">\n\t\t\t\t\t\t<div class=\"elementor-container elementor-column-gap-no\">\n\t\t\t\t\t<div class=\"elementor-column elementor-col-100 elementor-top-column elementor-element elementor-element-38806f40\" data-id=\"38806f40\" data-element_type=\"column\">\n\t\t\t<div class=\"elementor-widget-wrap elementor-element-populated\">\n\t\t\t\t\t\t<div class=\"elementor-element elementor-element-23f9d644 elementor-widget elementor-widget-scubo_course_details2\" data-id=\"23f9d644\" data-element_type=\"widget\" data-widget_type=\"scubo_course_details2.default\">\n\t\t\t\t<div class=\"elementor-widget-container\">\n\t\t\t\t\t\n        <section class=\"course-details two\">\n            <div class=\"container\">\n                <div class=\"course-details__content\">\n                    <h3>Convi\u00e9rtete en Nitrox Diver de SSI<\/h3>\n                    <p>\u00bfQuieres pasar m\u00e1s tiempo bajo el agua y menos tiempo esperando en el barco? La\nespecialidad de Aire Enriquecido (Nitrox) es tu respuesta y el curso de especialidad m\u00e1s\npopular en el buceo.\nComo Nitrox Diver certificado por SSI, podr\u00e1s optimizar tu buceo, aumentar tus tiempos de\nfondo y mejorar tus m\u00e1rgenes de seguridad.<\/p>\n                    <h4>\u00bfQue aprender\u00e1s?<\/h4>\n                    <p>\u25cf Ampliar\u00e1s tus conocimientos te\u00f3ricos sobre el buceo.<br>\n\u25cf Aprender\u00e1s a planificar y bucear de forma totalmente segura utilizando mezclas de aire\nenriquecido con hasta un 40% de ox\u00edgeno.<br>\n\u25cf Dominar\u00e1s el an\u00e1lisis de tu mezcla y la configuraci\u00f3n de tu computadora de buceo\npara Nitrox<\/p>\n                    <p>Al finalizar con \u00e9xito, obtendr\u00e1s tu certificaci\u00f3n de especialidad Enriched Air Nitrox 40% de\nSSI, reconocida mundialmente.\n<\/p>\n\t\t\t\t\t\t\n                <\/div><!-- \/.course-details__content -->\n            <\/div><!-- \/.container -->\n        <\/section><!-- \/.course-details -->\n            \n\t\t\t\t\t\t<\/div>\n\t\t\t\t<\/div>\n\t\t\t\t\t<\/div>\n\t\t<\/div>\n\t\t\t\t\t<\/div>\n\t\t<\/section>\n\t\t<div class=\"elementor-element elementor-element-b6d5390 e-flex e-con-boxed e-con e-parent\" data-id=\"b6d5390\" data-element_type=\"container\">\n\t\t\t\t\t<div class=\"e-con-inner\">\n\t\t\t\t<div class=\"elementor-element elementor-element-f14df7b elementor-widget elementor-widget-heading\" data-id=\"f14df7b\" data-element_type=\"widget\" data-widget_type=\"heading.default\">\n\t\t\t\t\t<h3 class=\"elementor-heading-title elementor-size-default\">Habilidades que obtendr\u00e1s<\/h3>\t\t\t\t<\/div>\n\t\t\t\t<div class=\"elementor-element elementor-element-931b407 elementor-widget elementor-widget-text-editor\" data-id=\"931b407\" data-element_type=\"widget\" data-widget_type=\"text-editor.default\">\n\t\t\t\t\t\t\t\t\t<p>Al completar tu curso Open Water, no solo te llevas una certificaci\u00f3n; desarrollamos un conjunto de habilidades \u00fanicas que te servir\u00e1n tanto dentro como fuera del agua.<\/p>\t\t\t\t\t\t\t\t<\/div>\n\t\t\t\t<div class=\"elementor-element elementor-element-27b0708 elementor-widget elementor-widget-scubo_pricing_range\" data-id=\"27b0708\" data-element_type=\"widget\" data-widget_type=\"scubo_pricing_range.default\">\n\t\t\t\t<div class=\"elementor-widget-container\">\n\t\t\t\t\t\n\t\t\t\n\t\t<div class=\"pricing-one\">\n\t\t\t\t\n\t\t\t\t\t\t<img decoding=\"async\" src=\"https:\/\/reefcollective.com.mx\/wp-content\/uploads\/2025\/10\/buceo.png\" class=\"contact-one__swimmer\" alt=\"\">\n\t\t\t\n\t\t\t<div class=\"container\">\n\t\t\t\t<div class=\"table-responsive\">\n\t\t\t\t\t<table>\n\t\t\t\t\t\t<thead>\n\t\t\t\t\t\t\t<tr>\n\t\t\t\t\t\t\t\t\t\t\t\t\t\t\t\t<th>Habilidades t\u00e9cnicas<\/th>\n\t\t\t\t\t\t\t\t\t\t\t\t\t\t\t\t<th>Habilidades personales<\/th>\n\t\t\t\t\t\t\t\t\t\t\t\t\t\t\t<\/tr>\n\t\t\t\t\t\t<\/thead>\n\t\t\t\t\t\t<tbody>\n\t\t\t\t\t\t\t\t\t\t\t\t\t\t<tr>\n\t\t\t\t\t\t\t\t\t\t\t\t\t\t\t\t\t\t\t\t\t\t\t\t<td>An\u00e1lisis preciso de gases: Dominio del analizador de ox\u00edgeno para verificar y\t\t\t\t\t\t\t\t\t\t\t\t\t\t\t\tregistrar la mezcla (el % de O2) antes de\t\t\t\t\t\t\t\t\t\t\t\t\t\t\t\tcada inmersi\u00f3n.<\/td>\t\t\t\t\t\t\t\t\t\t\t\t\t\t\t\t\t\t\t\t\t\t\t\t\t\t\t\t\t\t\t\t<td>Atenci\u00f3n cr\u00edtica al detalle: Desarrollar una rutina met\u00f3dica donde no hay margen de error al analizar, etiquetar y configurar el equipo.<\/td>\t\t\t\t\t\t\t\t\t\t\t\t\t\t\t\t\t\t\t\t\t\t\t\t\t\t\t\t\t\t\t<\/tr>\n\t\t\t\t\t\t\t\t\t\t\t\t\t\t<tr>\n\t\t\t\t\t\t\t\t\t\t\t\t\t\t\t\t\t\t\t\t\t\t\t\t<td>Manejo de Equipo: Ensamblar, revisar y desensamblar tu propio equipo de buceo aut\u00f3nomo.<\/td>\t\t\t\t\t\t\t\t\t\t\t\t\t\t\t\t\t\t\t\t\t\t\t\t\t\t\t\t\t\t\t\t<td>Conciencia Situacional: Estar siempre alerta a tu entorno, a tu profundidad y a tu compa\u00f1ero.<\/td>\t\t\t\t\t\t\t\t\t\t\t\t\t\t\t\t\t\t\t\t\t\t\t\t\t\t\t\t\t\t\t<\/tr>\n\t\t\t\t\t\t\t\t\t\t\t\t\t\t<tr>\n\t\t\t\t\t\t\t\t\t\t\t\t\t\t\t\t\t\t\t\t\t\t\t\t<td>Planificaci\u00f3n avanzada de inmersiones: C\u00e1lculo exacto de la Profundidad Operativa M\u00e1xima (MOD) para la mezcla y el seguimiento de la exposici\u00f3n al O2 (CNS)<\/td>\t\t\t\t\t\t\t\t\t\t\t\t\t\t\t\t\t\t\t\t\t\t\t\t\t\t\t\t\t\t\t\t<td>Gesti\u00f3n avanzada de riesgos: Comprender y respetar los l\u00edmites fisiol\u00f3gicos del ox\u00edgeno como una prioridad de seguridad absoluta.<\/td>\t\t\t\t\t\t\t\t\t\t\t\t\t\t\t\t\t\t\t\t\t\t\t\t\t\t\t\t\t\t\t<\/tr>\n\t\t\t\t\t\t\t\t\t\t\t\t\t\t<tr>\n\t\t\t\t\t\t\t\t\t\t\t\t\t\t\t\t\t\t\t\t\t\t\t\t<td>Configuraci\u00f3n experta de la computadora: Programar correctamente la computadora de buceo para la mezcla exacta, asegurando c\u00e1lculos de descompresi\u00f3n y MOD correctos.<\/td>\t\t\t\t\t\t\t\t\t\t\t\t\t\t\t\t\t\t\t\t\t\t\t\t\t\t\t\t\t\t\t\t<td>Disciplina y responsabilidad: Asumir la responsabilidad completa de tu gas. Un\t\t\t\t\t\t\t\t\t\t\t\t\t\t\t\tbuen buzo nunca asume; siempre verifica.<\/td>\t\t\t\t\t\t\t\t\t\t\t\t\t\t\t\t\t\t\t\t\t\t\t\t\t\t\t\t\t\t\t<\/tr>\n\t\t\t\t\t\t\t\t\t\t\t\t\t\t<tr>\n\t\t\t\t\t\t\t\t\t\t\t\t\t\t\t\t\t\t\t\t\t\t\t\t<td>Optimizaci\u00f3n de perfiles repetitivos: Usar Nitrox para planificar y ejecutar m\u00faltiples inmersiones diarias de forma segura y eficiente.<\/td>\t\t\t\t\t\t\t\t\t\t\t\t\t\t\t\t\t\t\t\t\t\t\t\t\t\t\t\t\t\t\t\t<td>Autogesti\u00f3n y conciencia situacional:\t\t\t\t\t\t\t\t\t\t\t\t\t\t\t\tEntender c\u00f3mo el Nitrox afecta tu perfil de\t\t\t\t\t\t\t\t\t\t\t\t\t\t\t\tnitr\u00f3geno acumulado a lo largo de un d\u00eda,\t\t\t\t\t\t\t\t\t\t\t\t\t\t\t\tuna semana o una temporada de trabajo.<\/td>\t\t\t\t\t\t\t\t\t\t\t\t\t\t\t\t\t\t\t\t\t\t\t\t\t\t\t\t\t\t\t<\/tr>\n\t\t\t\t\t\t\t\t\t\t\t\t\t<\/tbody>\n\t\t\t\t\t<\/table>\n\t\t\t\t<\/div><!-- \/.table-responsive -->\n\t\t\t<\/div><!-- \/.container -->\n\t\t<\/section><!-- \/.pricing-one -->\n            \n\t\t\t\t\t\t<\/div>\n\t\t\t\t<\/div>\n\t\t\t\t\t<\/div>\n\t\t\t\t<\/div>\n\t\t\t\t<\/div>\n\t\t","protected":false},"excerpt":{"rendered":"<p>Detalles 4 day course Convi\u00e9rtete en Nitrox Diver de SSI \u00bfQuieres pasar m\u00e1s tiempo bajo el agua y menos tiempo esperando en el barco? La especialidad de Aire Enriquecido (Nitrox) es tu respuesta y el curso de especialidad m\u00e1s popular en el buceo. Como Nitrox Diver certificado por SSI, podr\u00e1s optimizar tu buceo, aumentar tus [&hellip;]<\/p>\n","protected":false},"author":1,"featured_media":0,"parent":0,"menu_order":0,"comment_status":"closed","ping_status":"closed","template":"elementor_header_footer","meta":{"_joinchat":[],"footnotes":""},"class_list":["post-1682","page","type-page","status-publish","hentry"],"_links":{"self":[{"href":"https:\/\/reefcollective.com.mx\/index.php\/wp-json\/wp\/v2\/pages\/1682","targetHints":{"allow":["GET"]}}],"collection":[{"href":"https:\/\/reefcollective.com.mx\/index.php\/wp-json\/wp\/v2\/pages"}],"about":[{"href":"https:\/\/reefcollective.com.mx\/index.php\/wp-json\/wp\/v2\/types\/page"}],"author":[{"embeddable":true,"href":"https:\/\/reefcollective.com.mx\/index.php\/wp-json\/wp\/v2\/users\/1"}],"replies":[{"embeddable":true,"href":"https:\/\/reefcollective.com.mx\/index.php\/wp-json\/wp\/v2\/comments?post=1682"}],"version-history":[{"count":13,"href":"https:\/\/reefcollective.com.mx\/index.php\/wp-json\/wp\/v2\/pages\/1682\/revisions"}],"predecessor-version":[{"id":1960,"href":"https:\/\/reefcollective.com.mx\/index.php\/wp-json\/wp\/v2\/pages\/1682\/revisions\/1960"}],"wp:attachment":[{"href":"https:\/\/reefcollective.com.mx\/index.php\/wp-json\/wp\/v2\/media?parent=1682"}],"curies":[{"name":"wp","href":"https:\/\/api.w.org\/{rel}","templated":true}]}}