{"id":1588,"date":"2025-11-13T20:09:12","date_gmt":"2025-11-13T20:09:12","guid":{"rendered":"https:\/\/reefcollective.com.mx\/?page_id=1588"},"modified":"2025-12-05T22:31:50","modified_gmt":"2025-12-05T22:31:50","slug":"open-water-diver","status":"publish","type":"page","link":"https:\/\/reefcollective.com.mx\/index.php\/open-water-diver\/","title":{"rendered":"Open water diver"},"content":{"rendered":"\t\t<div data-elementor-type=\"wp-page\" data-elementor-id=\"1588\" class=\"elementor elementor-1588\" data-elementor-post-type=\"page\">\n\t\t\t\t\t\t<section class=\"elementor-section elementor-top-section elementor-element elementor-element-487404e elementor-section-full_width elementor-section-height-default elementor-section-height-default\" data-id=\"487404e\" data-element_type=\"section\">\n\t\t\t\t\t\t<div class=\"elementor-container elementor-column-gap-no\">\n\t\t\t\t\t<div class=\"elementor-column elementor-col-100 elementor-top-column elementor-element elementor-element-2a9f6cf4\" data-id=\"2a9f6cf4\" data-element_type=\"column\">\n\t\t\t<div class=\"elementor-widget-wrap\">\n\t\t\t\t\t\t\t<\/div>\n\t\t<\/div>\n\t\t\t\t\t<\/div>\n\t\t<\/section>\n\t\t\t\t<section class=\"elementor-section elementor-top-section elementor-element elementor-element-6498e8d9 elementor-section-full_width elementor-section-height-default elementor-section-height-default\" data-id=\"6498e8d9\" data-element_type=\"section\">\n\t\t\t\t\t\t<div class=\"elementor-container elementor-column-gap-no\">\n\t\t\t\t\t<div class=\"elementor-column elementor-col-100 elementor-top-column elementor-element elementor-element-7f14990\" data-id=\"7f14990\" data-element_type=\"column\">\n\t\t\t<div class=\"elementor-widget-wrap\">\n\t\t\t\t\t\t\t<\/div>\n\t\t<\/div>\n\t\t\t\t\t<\/div>\n\t\t<\/section>\n\t\t\t\t<section class=\"elementor-section elementor-top-section elementor-element elementor-element-723d08f elementor-section-full_width elementor-section-height-default elementor-section-height-default\" data-id=\"723d08f\" data-element_type=\"section\">\n\t\t\t\t\t\t<div class=\"elementor-container elementor-column-gap-no\">\n\t\t\t\t\t<div class=\"elementor-column elementor-col-100 elementor-top-column elementor-element elementor-element-5b2b04be\" data-id=\"5b2b04be\" data-element_type=\"column\">\n\t\t\t<div class=\"elementor-widget-wrap elementor-element-populated\">\n\t\t\t\t\t\t<div class=\"elementor-element elementor-element-72240bce elementor-widget elementor-widget-scubo_course_details1\" data-id=\"72240bce\" data-element_type=\"widget\" data-widget_type=\"scubo_course_details1.default\">\n\t\t\t\t<div class=\"elementor-widget-container\">\n\t\t\t\t\t\n        <section class=\"course-details \">\n            <div class=\"container\">\n                <div class=\"course-details__image\">\n                       \n\t\t\t\t\t<img decoding=\"async\" src=\"https:\/\/reefcollective.com.mx\/wp-content\/uploads\/2025\/11\/open-water-diver.jpg\" alt=\"\"\/>\n\t\t\t\t\t                    <div class=\"course-details__infos wow fadeInRight\" data-wow-duration=\"1500ms\">\n                        <div class=\"course-details__infos-title\">Detalles<\/div>\n\t\t\t\t\t\t                        <div class=\"course-details__infos-single\">\n                            <span>4<\/span>\n                            <p>day <br> course<\/p>\n                        <\/div>\n\t\t\t\t\t\t                        <div class=\"course-details__infos-single\">\n                            <span><\/span>\n                            <p><\/p>\n                        <\/div>\n\t\t\t\t\t\t                        <div class=\"course-details__infos-single\">\n                            <span><\/span>\n                            <p><\/p>\n                        <\/div>\n\t\t\t\t\t\t                    <\/div><!-- \/.course-details__infos -->\n                <\/div><!-- \/.course-details__image -->\n            <\/div><!-- \/.container -->\n        <\/section><!-- \/.course-details -->\n            \n\t\t\t\t\t\t<\/div>\n\t\t\t\t<\/div>\n\t\t\t\t\t<\/div>\n\t\t<\/div>\n\t\t\t\t\t<\/div>\n\t\t<\/section>\n\t\t\t\t<section class=\"elementor-section elementor-top-section elementor-element elementor-element-252170de elementor-section-full_width elementor-section-height-default elementor-section-height-default\" data-id=\"252170de\" data-element_type=\"section\">\n\t\t\t\t\t\t<div class=\"elementor-container elementor-column-gap-no\">\n\t\t\t\t\t<div class=\"elementor-column elementor-col-100 elementor-top-column elementor-element elementor-element-38806f40\" data-id=\"38806f40\" data-element_type=\"column\">\n\t\t\t<div class=\"elementor-widget-wrap elementor-element-populated\">\n\t\t\t\t\t\t<div class=\"elementor-element elementor-element-23f9d644 elementor-widget elementor-widget-scubo_course_details2\" data-id=\"23f9d644\" data-element_type=\"widget\" data-widget_type=\"scubo_course_details2.default\">\n\t\t\t\t<div class=\"elementor-widget-container\">\n\t\t\t\t\t\n        <section class=\"course-details two\">\n            <div class=\"container\">\n                <div class=\"course-details__content\">\n                    <h3>Open water diver <\/h3>\n                    <p>Este es el curso de buceo m\u00e1s popular del mundo y tu boleto de entrada para explorar el incre\u00edble mundo submarino. En solo 3 d\u00edas, nuestro programa Open Water Diver te ense\u00f1ar\u00e1 todo lo necesario para convertirte en un buzo aut\u00f3nomo, capaz de bucear de forma segura y divertida.<br><br>\nDe la mano de nuestros instructores profesionales, aprender\u00e1s los fundamentos del buceo, primero en aguas confinadas y luego en el mar.\n<\/p>\n                    <h4>Aprendizaje Moderno con SSI<\/h4>\n                    <p>Olv\u00eddate de los libros pesados. Usamos la innovadora plataforma digital de SSI, que te permite estudiar a tu propio ritmo desde tu m\u00f3vil o tablet. A trav\u00e9s de la app podr\u00e1s:<br>\n\u25cf\tAcceder a tu material de estudio interactivo (disponible descargas en m\u00faltiples idiomas).<br>\n\u25cf\tRegistrar digitalmente todas tus inmersiones (tu logbook digital).<br>\n\u25cf\tRecibir tu certificaci\u00f3n internacional directamente en la app al finalizar el curso.\n<\/p>\n                    <p>\n<\/p>\n\t\t\t\t\t\t\n                <\/div><!-- \/.course-details__content -->\n            <\/div><!-- \/.container -->\n        <\/section><!-- \/.course-details -->\n            \n\t\t\t\t\t\t<\/div>\n\t\t\t\t<\/div>\n\t\t\t\t\t<\/div>\n\t\t<\/div>\n\t\t\t\t\t<\/div>\n\t\t<\/section>\n\t\t\t\t<section class=\"elementor-section elementor-top-section elementor-element elementor-element-6a8a0a7c elementor-section-content-space-between elementor-section-boxed elementor-section-height-default elementor-section-height-default\" data-id=\"6a8a0a7c\" data-element_type=\"section\">\n\t\t\t\t\t\t<div class=\"elementor-container elementor-column-gap-no\">\n\t\t\t\t\t<div class=\"elementor-column elementor-col-50 elementor-top-column elementor-element elementor-element-3747a818\" data-id=\"3747a818\" data-element_type=\"column\">\n\t\t\t<div class=\"elementor-widget-wrap elementor-element-populated\">\n\t\t\t\t\t\t<div class=\"elementor-element elementor-element-3e6452e8 elementor-widget elementor-widget-scubo_about_left\" data-id=\"3e6452e8\" data-element_type=\"widget\" data-widget_type=\"scubo_about_left.default\">\n\t\t\t\t<div class=\"elementor-widget-container\">\n\t\t\t\t\t\n        <section class=\"about-two one\">\n            <div class=\"container\">\n                <div class=\"row\">\n                    <div class=\"col-lg-12 d-flex about-two__content-wrapper\">\n                        <div class=\"my-auto\">\n                            <div class=\"about-two__content\">\n                                <div class=\"block-title text-left\">\n                                    \t\t\t\t\t\t\t\t\t<div class=\"noimage\"><\/div>\n\t\t\t\t\t\t\t\t\t                                    <p class=\"text-uppercase\"><\/p>\n                                    <h3 class=\"text-uppercase\">Tu experiencia incluye todo<\/h3>\n                                <\/div><!-- \/.block-title -->\n                                <p>Nos encargamos de todos los detalles para que tu \u00fanica preocupaci\u00f3n sea disfrutar y aprender:<\/p>\n                                <ul class=\"list-unstyled about-two__list\">\n\t\t\t\t\t\t\t\t\t                                    <li>\n                                        <span class=\"about-two__list-count\"><\/span>\n                                        Instructor Profesional dedicado a tu grupo                                    <\/li>\n\t\t\t\t\t\t\t\t\t                                    <li>\n                                        <span class=\"about-two__list-count\"><\/span>\n                                        Equipo Completo de buceo                                    <\/li>\n\t\t\t\t\t\t\t\t\t                                    <li>\n                                        <span class=\"about-two__list-count\"><\/span>\n                                        Material Digital SSI                                     <\/li>\n\t\t\t\t\t\t\t\t\t                                    <li>\n                                        <span class=\"about-two__list-count\"><\/span>\n                                        Almuerzo saludable y snacks                                     <\/li>\n\t\t\t\t\t\t\t\t\t                                    <li>\n                                        <span class=\"about-two__list-count\"><\/span>\n                                        Agua purificada y toallas                                     <\/li>\n\t\t\t\t\t\t\t\t\t                                <\/ul><!-- \/.list-unstyled about-two__list -->\n                            <\/div><!-- \/.about-two__content -->\n                        <\/div><!-- \/.my-auto -->\n                    <\/div><!-- \/.col-lg-6 -->\n                <\/div><!-- \/.row -->\n            <\/div><!-- \/.container -->\n        <\/section><!-- \/.about-two -->\n            \n\t\t\t\t\t\t<\/div>\n\t\t\t\t<\/div>\n\t\t\t\t\t<\/div>\n\t\t<\/div>\n\t\t\t\t<div class=\"elementor-column elementor-col-50 elementor-top-column elementor-element elementor-element-63a14e04\" data-id=\"63a14e04\" data-element_type=\"column\">\n\t\t\t<div class=\"elementor-widget-wrap elementor-element-populated\">\n\t\t\t\t\t\t<div class=\"elementor-element elementor-element-4ad0df6c elementor-widget elementor-widget-scubo_about_right\" data-id=\"4ad0df6c\" data-element_type=\"widget\" data-widget_type=\"scubo_about_right.default\">\n\t\t\t\t<div class=\"elementor-widget-container\">\n\t\t\t\t\t\n        <section class=\"about-two two\">\n            <div class=\"container\">\n                <div class=\"row\">\n                    <div class=\"col-lg-12\">\n                        <div class=\"about-two__image wow fadeInRight\" data-wow-duration=\"1500ms\">\n                               \n\t\t\t\t\t\t\t<img decoding=\"async\" src=\"https:\/\/reefcollective.com.mx\/wp-content\/uploads\/2025\/10\/Diseno-sin-titulo5.png\" alt=\"\"\/>\n\t\t\t\t\t\t\t                        <\/div><!-- \/.about-two__image -->\n                    <\/div><!-- \/.col-lg-6 -->\n                <\/div><!-- \/.row -->\n            <\/div><!-- \/.container -->\n        <\/section><!-- \/.about-two -->\n            \n\t\t\t\t\t\t<\/div>\n\t\t\t\t<\/div>\n\t\t\t\t\t<\/div>\n\t\t<\/div>\n\t\t\t\t\t<\/div>\n\t\t<\/section>\n\t\t<div class=\"elementor-element elementor-element-d31d0bf e-flex e-con-boxed e-con e-parent\" data-id=\"d31d0bf\" data-element_type=\"container\">\n\t\t\t\t\t<div class=\"e-con-inner\">\n\t\t\t\t\t<\/div>\n\t\t\t\t<\/div>\n\t\t\t\t<section class=\"elementor-section elementor-top-section elementor-element elementor-element-55a3fdc5 elementor-section-boxed elementor-section-height-default elementor-section-height-default\" data-id=\"55a3fdc5\" data-element_type=\"section\">\n\t\t\t\t\t\t<div class=\"elementor-container elementor-column-gap-no\">\n\t\t\t\t\t<div class=\"elementor-column elementor-col-100 elementor-top-column elementor-element elementor-element-59aa41bc\" data-id=\"59aa41bc\" data-element_type=\"column\">\n\t\t\t<div class=\"elementor-widget-wrap elementor-element-populated\">\n\t\t\t\t\t\t<div class=\"elementor-element elementor-element-3c3ee2c elementor-widget elementor-widget-heading\" data-id=\"3c3ee2c\" data-element_type=\"widget\" data-widget_type=\"heading.default\">\n\t\t\t\t\t<h3 class=\"elementor-heading-title elementor-size-default\">Habilidades que obtendr\u00e1s<\/h3>\t\t\t\t<\/div>\n\t\t\t\t<div class=\"elementor-element elementor-element-c918fa5 elementor-widget elementor-widget-text-editor\" data-id=\"c918fa5\" data-element_type=\"widget\" data-widget_type=\"text-editor.default\">\n\t\t\t\t\t\t\t\t\t<p>Al completar tu curso Open Water, no solo te llevas una certificaci\u00f3n; desarrollamos un conjunto de habilidades \u00fanicas que te servir\u00e1n tanto dentro como fuera del agua.<\/p>\t\t\t\t\t\t\t\t<\/div>\n\t\t\t\t<div class=\"elementor-element elementor-element-6a1fed63 elementor-widget elementor-widget-scubo_pricing_range\" data-id=\"6a1fed63\" data-element_type=\"widget\" data-widget_type=\"scubo_pricing_range.default\">\n\t\t\t\t<div class=\"elementor-widget-container\">\n\t\t\t\t\t\n\t\t\t\n\t\t<div class=\"pricing-one\">\n\t\t\t\t\n\t\t\t\t\t\t<img decoding=\"async\" src=\"https:\/\/reefcollective.com.mx\/wp-content\/uploads\/2025\/10\/buceo.png\" class=\"contact-one__swimmer\" alt=\"\">\n\t\t\t\n\t\t\t<div class=\"container\">\n\t\t\t\t<div class=\"table-responsive\">\n\t\t\t\t\t<table>\n\t\t\t\t\t\t<thead>\n\t\t\t\t\t\t\t<tr>\n\t\t\t\t\t\t\t\t\t\t\t\t\t\t\t\t<th>Habilidades t\u00e9cnicas<\/th>\n\t\t\t\t\t\t\t\t\t\t\t\t\t\t\t\t<th>Habilidades personales<\/th>\n\t\t\t\t\t\t\t\t\t\t\t\t\t\t\t<\/tr>\n\t\t\t\t\t\t<\/thead>\n\t\t\t\t\t\t<tbody>\n\t\t\t\t\t\t\t\t\t\t\t\t\t\t<tr>\n\t\t\t\t\t\t\t\t\t\t\t\t\t\t\t\t\t\t\t\t\t\t\t\t<td>Control de Flotabilidad: La habilidad de \"flotar\" sin esfuerzo, ascendiendo y descendiendo a voluntad<\/td>\t\t\t\t\t\t\t\t\t\t\t\t\t\t\t\t\t\t\t\t\t\t\t\t\t\t\t\t\t\t\t\t<td>Calma y Autocontrol: Aprender a respirar de forma consciente y a mantener la calma bajo presi\u00f3n.<\/td>\t\t\t\t\t\t\t\t\t\t\t\t\t\t\t\t\t\t\t\t\t\t\t\t\t\t\t\t\t\t\t<\/tr>\n\t\t\t\t\t\t\t\t\t\t\t\t\t\t<tr>\n\t\t\t\t\t\t\t\t\t\t\t\t\t\t\t\t\t\t\t\t\t\t\t\t<td>Manejo de Equipo: Ensamblar, revisar y desensamblar tu propio equipo de buceo aut\u00f3nomo.<\/td>\t\t\t\t\t\t\t\t\t\t\t\t\t\t\t\t\t\t\t\t\t\t\t\t\t\t\t\t\t\t\t\t<td>Conciencia Situacional: Estar siempre alerta a tu entorno, a tu profundidad y a tu compa\u00f1ero.<\/td>\t\t\t\t\t\t\t\t\t\t\t\t\t\t\t\t\t\t\t\t\t\t\t\t\t\t\t\t\t\t\t<\/tr>\n\t\t\t\t\t\t\t\t\t\t\t\t\t\t<tr>\n\t\t\t\t\t\t\t\t\t\t\t\t\t\t\t\t\t\t\t\t\t\t\t\t<td>Habilidades Basicas: Resolver situaciones comunes como recuperar el regulador o limpiar una m\u00e1scara llena de agua.<\/td>\t\t\t\t\t\t\t\t\t\t\t\t\t\t\t\t\t\t\t\t\t\t\t\t\t\t\t\t\t\t\t\t<td>Disciplina: La capacidad de seguir procedimientos y listas de verificaci\u00f3n de seguridad rigurosamente.<\/td>\t\t\t\t\t\t\t\t\t\t\t\t\t\t\t\t\t\t\t\t\t\t\t\t\t\t\t\t\t\t\t<\/tr>\n\t\t\t\t\t\t\t\t\t\t\t\t\t\t<tr>\n\t\t\t\t\t\t\t\t\t\t\t\t\t\t\t\t\t\t\t\t\t\t\t\t<td>Navegaci\u00f3n Subacu\u00e1tica B\u00e1sica: Orientarse bajo el agua usando referencias naturales y la br\u00fajula.<\/td>\t\t\t\t\t\t\t\t\t\t\t\t\t\t\t\t\t\t\t\t\t\t\t\t\t\t\t\t\t\t\t\t<td>Resoluci\u00f3n de Problemas: Evaluar una situaci\u00f3n inesperada y aplicar la soluci\u00f3n correcta.<\/td>\t\t\t\t\t\t\t\t\t\t\t\t\t\t\t\t\t\t\t\t\t\t\t\t\t\t\t\t\t\t\t<\/tr>\n\t\t\t\t\t\t\t\t\t\t\t\t\t\t<tr>\n\t\t\t\t\t\t\t\t\t\t\t\t\t\t\t\t\t\t\t\t\t\t\t\t<td>Comunicaci\u00f3n No Verbal: Usar el lenguaje de se\u00f1as de buceo para comunicarte efectivamente con tu compa\u00f1ero.<\/td>\t\t\t\t\t\t\t\t\t\t\t\t\t\t\t\t\t\t\t\t\t\t\t\t\t\t\t\t\t\t\t\t<td>Confianza y Superaci\u00f3n: Superar el desaf\u00edo mental de respirar bajo el agua por primera vez.<\/td>\t\t\t\t\t\t\t\t\t\t\t\t\t\t\t\t\t\t\t\t\t\t\t\t\t\t\t\t\t\t\t<\/tr>\n\t\t\t\t\t\t\t\t\t\t\t\t\t\t<tr>\n\t\t\t\t\t\t\t\t\t\t\t\t\t\t\t\t\t\t\t\t\t\t\t\t<td>Planificaci\u00f3n de Inmersiones: Calcular l\u00edmites de tiempo y profundidad usando las tablas de buceo o un computador.<\/td>\t\t\t\t\t\t\t\t\t\t\t\t\t\t\t\t\t\t\t\t\t\t\t\t\t\t\t\t\t\t\t\t<td>Trabajo en Equipo: La confianza mutua y coordinaci\u00f3n que se genera al bucear con un \"buddy\" (compa\u00f1ero).<\/td>\t\t\t\t\t\t\t\t\t\t\t\t\t\t\t\t\t\t\t\t\t\t\t\t\t\t\t\t\t\t\t<\/tr>\n\t\t\t\t\t\t\t\t\t\t\t\t\t<\/tbody>\n\t\t\t\t\t<\/table>\n\t\t\t\t<\/div><!-- \/.table-responsive -->\n\t\t\t<\/div><!-- \/.container -->\n\t\t<\/section><!-- \/.pricing-one -->\n            \n\t\t\t\t\t\t<\/div>\n\t\t\t\t<\/div>\n\t\t\t\t\t<\/div>\n\t\t<\/div>\n\t\t\t\t\t<\/div>\n\t\t<\/section>\n\t\t\t\t<\/div>\n\t\t","protected":false},"excerpt":{"rendered":"<p>Detalles 4 day course Open water diver Este es el curso de buceo m\u00e1s popular del mundo y tu boleto de entrada para explorar el incre\u00edble mundo submarino. En solo 3 d\u00edas, nuestro programa Open Water Diver te ense\u00f1ar\u00e1 todo lo necesario para convertirte en un buzo aut\u00f3nomo, capaz de bucear de forma segura y [&hellip;]<\/p>\n","protected":false},"author":1,"featured_media":0,"parent":0,"menu_order":0,"comment_status":"closed","ping_status":"closed","template":"elementor_header_footer","meta":{"_joinchat":[],"footnotes":""},"class_list":["post-1588","page","type-page","status-publish","hentry"],"_links":{"self":[{"href":"https:\/\/reefcollective.com.mx\/index.php\/wp-json\/wp\/v2\/pages\/1588","targetHints":{"allow":["GET"]}}],"collection":[{"href":"https:\/\/reefcollective.com.mx\/index.php\/wp-json\/wp\/v2\/pages"}],"about":[{"href":"https:\/\/reefcollective.com.mx\/index.php\/wp-json\/wp\/v2\/types\/page"}],"author":[{"embeddable":true,"href":"https:\/\/reefcollective.com.mx\/index.php\/wp-json\/wp\/v2\/users\/1"}],"replies":[{"embeddable":true,"href":"https:\/\/reefcollective.com.mx\/index.php\/wp-json\/wp\/v2\/comments?post=1588"}],"version-history":[{"count":84,"href":"https:\/\/reefcollective.com.mx\/index.php\/wp-json\/wp\/v2\/pages\/1588\/revisions"}],"predecessor-version":[{"id":2333,"href":"https:\/\/reefcollective.com.mx\/index.php\/wp-json\/wp\/v2\/pages\/1588\/revisions\/2333"}],"wp:attachment":[{"href":"https:\/\/reefcollective.com.mx\/index.php\/wp-json\/wp\/v2\/media?parent=1588"}],"curies":[{"name":"wp","href":"https:\/\/api.w.org\/{rel}","templated":true}]}}